{"id":714,"date":"2010-09-10T22:28:06","date_gmt":"2010-09-10T20:28:06","guid":{"rendered":"http:\/\/www.obracun-placa.com\/index.php\/"},"modified":"2018-01-22T15:09:21","modified_gmt":"2018-01-22T14:09:21","slug":"obrazac-id","status":"publish","type":"page","link":"https:\/\/www.obracun-placa.com\/index.php\/obrazac-id\/","title":{"rendered":"Obrazac ID"},"content":{"rendered":"<p style=\"text-align: center;\"><span style=\"font-family: arial, helvetica, sans-serif; font-size: 14pt; color: #ff0000;\">Obrazac ID\u00a0\u00a0koristio se je za isplate do 31.12.2013. odnosno do uvo\u0111enja JOPPD obrasca. JOPPD obrazac uveden je upotrebu 01.01.2014. te od tada prestaje upotreba Obrasca ID !!!<\/span><\/p>\n<p><span style=\"font-family: arial, helvetica, sans-serif;\"><strong>Obrazac ID<\/strong> &#8211; Izvje\u0161\u0107e o primicima od nesamostalnog rada (pla\u0107i i mirovini), porezu na dohodak i prirezu te doprinosima za obavezna osiguranja u mjesecu. Na prvoj stranici izvje\u0161taja se nalaze podaci o bruto iznosu isplata obra\u010dunatih u jednome mjesecu, \u00a0iznosi obra\u010dunatih obaveznih doprinosa iz pla\u0107e i na pla\u0107u i obra\u010dunati iznosi poreza na dohodak i prireza. Na drugoj stranici se nalazi rekapitulacija obra\u010dunatoga poreza na dohodak i prireza po op\u0107inama. \u00a0Ovaj obrazac se dostavlja poreznoj upravi jednom mjese\u010dno do 15. u mjesecu za isplate pla\u0107e izvr\u0161ene u prethodnome mjesecu . Na osnovu ovoga izvje\u0161taja porezna uprava kreira obavezu poduze\u0107a za pla\u0107anje poreza, prireza i doprinosa. Saldo na karticama poreza na dohodak, prireza i doprinosa je \u00a0naj\u010de\u0161\u0107e rezultat razlike u iznosima doprinosa, poreza na dohodak i prireza koji su pla\u0107eni prilikom provedbe obra\u010duna primanja od nesamostalnoga rada i iznosa koji su iskazani u ID obrascu<\/span><\/p>\n<p><span style=\"font-family: arial, helvetica, sans-serif; color: #ff0000; font-size: 8pt;\"><strong><a style=\"color: #ff0000;\" href=\"http:\/\/obracunplaca.obracun-placa.com\/obracun-place-dokumenti\/Obrazac%20ID.pdf\">Obrazac ID (PDF)<\/a><\/strong><\/span><br \/>\n<span style=\"font-family: arial, helvetica, sans-serif; color: #ff0000; font-size: 8pt;\"> <strong><a style=\"color: #ff0000;\" href=\"http:\/\/obracunplaca.obracun-placa.com\/obracun-place-dokumenti\/Obrazac%20ID%20od%201-1-2011.pdf\">Obrazac ID od 01.01.2011. (PDF)<\/a><\/strong><\/span><\/p>\n","protected":false},"excerpt":{"rendered":"<p>Obrazac ID\u00a0\u00a0koristio se je za isplate do 31.12.2013. odnosno do uvo\u0111enja JOPPD obrasca. JOPPD obrazac uveden je upotrebu 01.01.2014. te od tada prestaje upotreba Obrasca ID !!! Obrazac ID &#8211; Izvje\u0161\u0107e o primicima od nesamostalnog rada (pla\u0107i i mirovini), porezu na dohodak i prirezu te doprinosima za obavezna osiguranja u mjesecu. Na prvoj stranici izvje\u0161taja [&hellip;]<\/p>\n","protected":false},"author":1501,"featured_media":0,"parent":0,"menu_order":5030,"comment_status":"closed","ping_status":"open","template":"","meta":{"pmpro_default_level":"","footnotes":""},"class_list":["post-714","page","type-page","status-publish","hentry","pmpro-has-access"],"aioseo_notices":[],"_links":{"self":[{"href":"https:\/\/www.obracun-placa.com\/index.php\/wp-json\/wp\/v2\/pages\/714","targetHints":{"allow":["GET"]}}],"collection":[{"href":"https:\/\/www.obracun-placa.com\/index.php\/wp-json\/wp\/v2\/pages"}],"about":[{"href":"https:\/\/www.obracun-placa.com\/index.php\/wp-json\/wp\/v2\/types\/page"}],"author":[{"embeddable":true,"href":"https:\/\/www.obracun-placa.com\/index.php\/wp-json\/wp\/v2\/users\/1501"}],"replies":[{"embeddable":true,"href":"https:\/\/www.obracun-placa.com\/index.php\/wp-json\/wp\/v2\/comments?post=714"}],"version-history":[{"count":0,"href":"https:\/\/www.obracun-placa.com\/index.php\/wp-json\/wp\/v2\/pages\/714\/revisions"}],"wp:attachment":[{"href":"https:\/\/www.obracun-placa.com\/index.php\/wp-json\/wp\/v2\/media?parent=714"}],"curies":[{"name":"wp","href":"https:\/\/api.w.org\/{rel}","templated":true}]}}