{"id":671,"date":"2010-09-08T23:18:27","date_gmt":"2010-09-08T21:18:27","guid":{"rendered":"http:\/\/www.obracun-placa.com\/index.php\/"},"modified":"2012-05-02T10:38:08","modified_gmt":"2012-05-02T08:38:08","slug":"obrazac-rsm","status":"publish","type":"page","link":"https:\/\/www.obracun-placa.com\/index.php\/obrazac-rsm\/","title":{"rendered":"Obrazac RSm"},"content":{"rendered":"<p>&nbsp;<\/p>\n<p>[wp_ad_camp_1]<\/p>\n<p>&nbsp;<\/p>\n<p>O<strong>brazac RSm<\/strong> &#8211; Specifikacija\u00a0po osiguranicima o obra\u010dunatim doprinosima za obavezna mirovinska osiguranja. Na ovome obrascu se za pojedini obra\u010dun iskazuje iznos obra\u010dunate pla\u0107e i iznos obra\u010dunatih doprinosa za mirovinsko osiguranje. Ovaj obrazac se sastoji od naslovne\u00a0stranice A i odre\u0111enoga broja stranica B. Na stranici A se nalaze \u00a0totali obra\u010dunate pla\u0107e i obaveznih doprinosa za mirovinsko osiguranje\u00a0a na stranici B analitika iste vrste podataka\u00a0razra\u0111ena po radnicima i osnovama osiguranja. U praksi se stranica B obrasca ne ispisuje redovno ve\u0107 samo ukoliko postoji potreba kontrole\u00a0formiranja\u00a0analitike za radnike koji su u obra\u010dunskome mjesecu imali\u00a0razli\u010dite osnove obra\u010duna.\u00a0Nakon provedenoga obra\u010duna se u\u00a0aplikaciji za obra\u010dun pla\u0107a\u00a0kreira datoteka REGOS.RMO\u00a0i ispi\u0161e stranica A obrasca. Datoteka se zatim dostavlja u REGOS osobnom dostavom (u papirnatome obliku ili na mediju za pohranu podataka i sa ispisanom stranicom A)\u00a0ili elektronskim putem, preko E-REGOS servisa. Za svaki obra\u010dun u kojem se obra\u010dunavaju\u00a0i upla\u0107uju\u00a0doprinosi za obavezno mirovinsko osiguranje je potrebno kreirati i REGOS-u dostaviti RSm obrazac. Prema Zakonu o prikupljanju podataka po osiguranicima o doprinosima za obavezna mirovinska osiguranja (<a href=\"http:\/\/narodne-novine.nn.hr\/clanci\/sluzbeni\/2011_08_90_1925.html\">NN 90\/2011<\/a>)\u00a0definirana su pravila koja ograni\u010davaju predaju RSm obrasca u papirnatome obliku\u00a0ukoliko RSm obrazac sadr\u017ei vi\u0161e od 24 osiguranika odnosno na magnetskome mediju ukoliko RSm obrazac sadr\u017ei vi\u0161e\u00a0\u00a0od 100 osiguranika (<a href=\"https:\/\/www.obracun-placa.com\/index.php\/zakoni-i-pravilnici\/zakon-o-prikupljanju-podataka-po-osiguranicima-o-doprinosima-za-obavezna-mirovinska-osiguranja\/\">VI\u0160E<\/a>). Ove odredbe zakona stupaju na snagu 01.01.2012.<\/p>\n<p>Na stranicama REGOS-a postoji mogu\u0107nost preuzimanja korisnog alata za kreiranje i kontrolu REGOS.RMO datoteka.<\/p>\n<p>U spektru usluga koje nudimo su usluge kreiranja korektivnih RSm obrazaca kojima se ispravljaju pogre\u0161ke u prethodnim izvje\u0161tajnim periodima i usluge kreiranje RSm obrazaca za specifi\u010dne osnove osiguranja i vrste radnih odnosa. Na\u0161a usluga se odvija po principu \u201eklju\u010d u ruke\u201c. Po\u0161aljite nam RSm datoteku, opi\u0161ite problem i zatra\u017eite procjenu usluge. Ukoliko se odlu\u010dite za realizaciju usluge mi \u0107emo izvr\u0161iti pripremu RSm datoteke i u Va\u0161e ime je dostaviti REGOS-u (na podru\u010dju ZG, u ostalim slu\u010dajevima slanje e-mail-om).<\/p>\n<p>[wp_ad_camp_1]<\/p>\n<p><strong>Povezano:<\/strong><\/p>\n<p><strong><a href=\"https:\/\/www.obracun-placa.com\/obracun-place-dokumenti\/Obrazac RSm.pdf\">OBRAZAC RSm\u00a0(PDF)<\/a><\/strong><\/p>\n<p><a href=\"https:\/\/www.obracun-placa.com\/index.php\/obracun-placa\/popunjavanje-rsm-obrazaca-i-izrada-korektivnih-rsm-obrazaca-isplata-pl-neisplata-pl-drugi-doh-poduz-pl-kamate-za-kucanstvo-korekcije\/\">Popunjavanje RSm obrazaca i izrada korektivnih RSm obrazaca<\/a><\/p>\n<p><a href=\"https:\/\/www.obracun-placa.com\/index.php\/zakoni-i-pravilnici\/zakon-o-prikupljanju-podataka-po-osiguranicima-o-doprinosima-za-obavezna-mirovinska-osiguranja\/\">Zakon o prikupljanju podataka po osiguranicima o doprinosima za obavezna mirovinska osiguranja<\/a><\/p>\n","protected":false},"excerpt":{"rendered":"<p>&nbsp; [wp_ad_camp_1] &nbsp; Obrazac RSm &#8211; Specifikacija\u00a0po osiguranicima o obra\u010dunatim doprinosima za obavezna mirovinska osiguranja. Na ovome obrascu se za pojedini obra\u010dun iskazuje iznos obra\u010dunate pla\u0107e i iznos obra\u010dunatih doprinosa za mirovinsko osiguranje. Ovaj obrazac se sastoji od naslovne\u00a0stranice A i odre\u0111enoga broja stranica B. Na stranici A se nalaze \u00a0totali obra\u010dunate pla\u0107e i obaveznih [&hellip;]<\/p>\n","protected":false},"author":1501,"featured_media":0,"parent":0,"menu_order":5010,"comment_status":"closed","ping_status":"closed","template":"","meta":{"pmpro_default_level":"","footnotes":""},"class_list":["post-671","page","type-page","status-publish","hentry","pmpro-has-access"],"aioseo_notices":[],"_links":{"self":[{"href":"https:\/\/www.obracun-placa.com\/index.php\/wp-json\/wp\/v2\/pages\/671","targetHints":{"allow":["GET"]}}],"collection":[{"href":"https:\/\/www.obracun-placa.com\/index.php\/wp-json\/wp\/v2\/pages"}],"about":[{"href":"https:\/\/www.obracun-placa.com\/index.php\/wp-json\/wp\/v2\/types\/page"}],"author":[{"embeddable":true,"href":"https:\/\/www.obracun-placa.com\/index.php\/wp-json\/wp\/v2\/users\/1501"}],"replies":[{"embeddable":true,"href":"https:\/\/www.obracun-placa.com\/index.php\/wp-json\/wp\/v2\/comments?post=671"}],"version-history":[{"count":0,"href":"https:\/\/www.obracun-placa.com\/index.php\/wp-json\/wp\/v2\/pages\/671\/revisions"}],"wp:attachment":[{"href":"https:\/\/www.obracun-placa.com\/index.php\/wp-json\/wp\/v2\/media?parent=671"}],"curies":[{"name":"wp","href":"https:\/\/api.w.org\/{rel}","templated":true}]}}