{"id":5529,"date":"2013-02-26T15:47:09","date_gmt":"2013-02-26T14:47:09","guid":{"rendered":"http:\/\/www.obracun-placa.com\/?page_id=5529"},"modified":"2013-07-25T22:29:04","modified_gmt":"2013-07-25T20:29:04","slug":"obracun-poreza-na-inozemne-mirovine","status":"publish","type":"page","link":"https:\/\/www.obracun-placa.com\/index.php\/obracun-poreza-na-inozemne-mirovine\/","title":{"rendered":"Porez na inozemne mirovine &#8211; usluga obra\u010duna"},"content":{"rendered":"<p><span style=\"color: #ff0000;\"><strong>NOVO !!!<\/strong> <\/span>Prema novome pravilniku u\u00a0Pravilnik o izmjenama i dopunama Pravilnika o porezu na dohodak (NN 79\/2013 od 27.06.2013.) <a href=\"https:\/\/www.obracun-placa.com\/index.php\/obavijesti\/pravilnik-o-izmjenama-i-dopunama-pravilnika-o-porezu-na-dohodak-nn-792013-od-27-06-2013\/\" target=\"_blank\">LINK<\/a> umirovljenici koji ostvaruju inozemnu mirovinu i obveznici u poreza na dohodak se\u00a0omogu\u0107ava pla\u0107anje predujma poreza na dohodak po rje\u0161enju porezne uprave.\u00a0\u00a0Porezna uprava \u0107e na osnovu zahtjeva umirovljenika utvrditi iznos mjese\u010dnog predujma poreza i prireza na dohodak kojega \u0107e\u00a0 umirovljenici bili du\u017eni uplatiti do kraja mjeseca za teku\u0107i mjesec (odnosno do kraja svakog tromjese\u010dja ako im je mjese\u010dni predujam manji od 100 kn). Umirovljenici koji na taj na\u010din pla\u0107aju porez ne\u0107e biti\u00a0obavezni\u00a0podnositi mjese\u010dno izvje\u0161\u0107e po svakoj ispla\u0107enoj mirovini (obrazac ID) niti obra\u010dunavati svaki mjesec novi predujam i ne\u0107e morati paziti\u00a0da ne prekora\u010de rok pla\u0107anja predujma poreza u roku od 8 dana od dana stjecanja primitka. <strong><span style=\"color: #ff0000;\">Iz navedenih razloga &#8220;Servis za obra\u010dun pla\u0107a&#8221; ukida daljnju ponudu pru\u017eanje ove usluge.<\/span><\/strong><\/p>\n<p><a href=\"#obaveza\">O obavezi pla\u0107anja poreza, prireza i doprinosa na INO mirovine<\/a><br \/>\n<a href=\"#obavezeporeznog\">Obaveza pla\u0107anja predujma poreza na dohodak na INO mirovinu<\/a><br \/>\n<strong><a href=\"#uslugaobracuna\">USLUGA OBRA\u010cUNA POREZA NA INOZEMNE MIROVINE<\/a><\/strong><br \/>\n<a href=\"#cijenausluge\" target=\"_blank\">Cijena usluge<\/a><\/p>\n<p><span style=\"text-decoration: underline;\"><strong><a name=\"obaveza\"><\/a>Obaveza pla\u0107anja poreza, prireza i doprinosa na inozemne mirovine<\/strong><\/span><\/p>\n<p>Zakonom o izmjenama i dopunama Zakona o porezu na dohodak (NN <a href=\"http:\/\/narodne-novine.nn.hr\/clanci\/sluzbeni\/2012_02_22_570.html\" target=\"_blank\">22\/12<\/a>) koji je na snagu stupio <strong>1. o\u017eujka 2012.<\/strong>, propisana je odredba prema kojoj mirovine osoba koje u Republici Hrvatskoj imaju prebivali\u0161te ili uobi\u010dajeno boravi\u0161te ostvarene u inozemstvu <b>vi\u0161e nisu oslobo\u0111ene oporezivanja<\/b>. Od 1. o\u017eujka 2012. mirovine osoba, sa stalnim prebivali\u0161tem u RH,\u00a0koje su ostvarene u inozemstvu smatraju se primicima od nesamostalnog rada i oporezuju se na na\u010din koji je propisan i za mirovine ostvarene u tuzemstvu, odnosno na na\u010din propisan za dohodak od nesamostalnog rada kojeg rezidenti ostvare u inozemstvu, osim ako ugovorima o izbjegavanju dvostrukog oporezivanja, odnosno me\u0111unarodnim ugovorima nije druga\u010dije propisano. Mirovine koje su ste\u010dene u:\u00a0<strong>Belgiji, Danskoj, Finskoj, Ju\u017enoafri\u010dkoj Republici, Kanadi, Kini, Mauricijusu, Makedoniji, Nizozemskoj, Njema\u010dkoj, Omanu, Poljskoj, Rumunjskoj, San Marinu i \u0160vedskoj<\/strong> ne podlije\u017eu oporezivanju ali primatelji mirovina iz tih zemalja moraju podnijeti poreznu prijavu na kraju godine (Obrazac DOH). Napominjemo da ta odredba vrijedi za mirovine koje se ispla\u0107uju iz sustava javnog socijalnog osiguranja tih dr\u017eava.\u00a0Mirovine koje se ispla\u0107uju iz tih dr\u017eava iz privatnog mirovinskog plana su oporezive u RH! Izvor: <a href=\"http:\/\/www.porezna-uprava.hr\/\" target=\"_blank\"><span style=\"color: #339966;\">www.porezna-uprava.hr<\/span><\/a> <a href=\"http:\/\/www.google.hr\/url?sa=t&amp;rct=j&amp;q=&amp;esrc=s&amp;source=web&amp;cd=1&amp;cad=rja&amp;ved=0CCwQFjAA&amp;url=http%3A%2F%2Fwww.porezna-uprava.hr%2Fpublikacije%2FIspisMisljenja.asp%3FIDKomentara%3D1684%26FileName%3D410-01_12-01_224_513-07-21-01_12-21.xml&amp;ei=BtEsUajmE8jNswb72ICIBw&amp;usg=AFQjCNF3Xu7VQRw236xLeVWhwVatZx2Ilg&amp;bvm=bv.42965579,d.Yms\" target=\"_blank\">LINK<\/a><\/p>\n<p><span style=\"text-decoration: underline;\"><strong><a name=\"obavezeporeznog\"><\/a>Obaveza pla\u0107anja predujma poreza na dohodak na inozemnu imovinu<\/strong><\/span><\/p>\n<ul>\n<li>Primatelj inozemne imovine koja podlije\u017ee oporezivanju mora podnijeti<b> prijavu za upis u registar obveznika poreza na dohodak ispostavi Porezne uprave<\/b> nadle\u017enoj prema njihovom prebivali\u0161tu ili uobi\u010dajenom boravi\u0161tu (a to mogu u\u010diniti i njegovi opunomo\u0107enici) u roku od osam dana od dana po\u010detka ostvarivanja primitaka<\/li>\n<li><b>mjese\u010dno je potrebno obra\u010dunati i uplatiti predujam poreza na dohodak u roku od osam dana od dana primitka dohotka<\/b>\u00a0(mirovine) na propisane uplatne ra\u010dune<\/li>\n<li><b>svaki mjesec je potrebno predati ID obrazac <\/b>(najkasnije do 15. dana u mjesecu) za isplate u prethodnom mjesecu ispostavi Porezne uprave prema svom prebivali\u0161tu\/uobi\u010dajenom boravi\u0161tu<\/li>\n<li><b>na kraju godine podnijeti IP obrazac <\/b>(najkasnije do 31. sije\u010dnja teku\u0107e za prethodnu kalendarsku godinu) ispostavi Porezne uprave prema svom prebivali\u0161tu\/uobi\u010dajenom boravi\u0161tu.<\/li>\n<\/ul>\n<p>Ako porezni obveznik ostvaruje u poreznom razdoblju samo mirovinu iz inozemstva po toj osnovi <b>nije obvezan podnijeti godi\u0161nju poreznu prijavu pod uvjetom da su upla\u0107eni predujmovi poreza na dohodak<\/b> u tijeku poreznog razdoblja po toj osnovi u propisanim iznosima, ali \u00a0ako je na istu mirovinu platio i porez u inozemstvu (primjerice u slu\u010daju da nije u primjeni ugovor o izbjegavanju dvostrukog oporezivanja), tada mo\u017ee podnijeti godi\u0161nju poreznu prijavu sukladno \u010dlanku 40. Zakona u kojoj \u0107e iskazati ukupno ostvareni dohodak i u poreznu obvezu ura\u010dunati porez pla\u0107en u inozemstvu sukladno \u010dlanku 82. Pravilnika o porezu na dohodak (Narodne novine, broj 95\/05, 96\/06, 68\/07, 146\/08, 2\/09, 9\/09, 146\/09, 123\/10 i 137\/11). Me\u0111utim, a<b>ko uz mirovinu iz inozemstva istodobno ostvaruje primjerice i mirovinu u Republici Hrvatskoj, tada je obvezan sukladno \u010dlanku 39. stavku 1. Zakona podnijeti godi\u0161nju poreznu prijavu<\/b> i u istoj iskazuje dohodak za koji je obvezan podnijeti godi\u0161nju poreznu prijavu i dohodak od nesamostalnog rada.<\/p>\n<p>&nbsp;<\/p>\n<p align=\"center\"><span style=\"font-size: medium; color: #008000;\"><b><span style=\"text-decoration: underline;\"><a name=\"uslugaobracuna\"><\/a>USLUGA OBRA\u010cUNA PREDUJMA POREZA, PRIREZA I DOPRINOSA NA INOZEMNE MIROVINE<\/span><\/b><\/span><\/p>\n<p>Nudimo kompletnu uslugu obra\u010duna predujma poreza na dohodak, prireza i doprinosa na mirovine iz inozemstva. Ukoliko primate inozemnu mirovinu i imate obavezu pla\u0107anja poreza na dohodak mi \u0107emo Vam obra\u010dunati mjese\u010dnu obavezu poreza, prireza i doprinosa, \u00a0kreirati naloge za pla\u0107anje s kojima mo\u017eete izvr\u0161iti pla\u0107anje u po\u0161ti\/FINI\/bankama i kreirati potrebne obrasce za predaju u poreznu upravu (ID, IP, DOH).<\/p>\n<p><span style=\"text-decoration: underline;\"><strong>Usluga obra\u010duna poreza i prireza na inozemne mirovine pokriva slijede\u0107e<\/strong><\/span><\/p>\n<ol start=\"1\">\n<li><strong>I<\/strong><b>ZRA\u010cUN PREDUJMA POREZA, PRIREZA i DOPRINOSA<\/b> &#8211; Mjese\u010dno se provodi izra\u010dun obaveze predujma poreza na dohodak i prireza. Ukoliko postoji obaveza izra\u010dunava se i iznos doprinosa za zdravstveno osiguranje (13%)<\/li>\n<li><b>KREIRANJE NALOGA ZA PLA\u0106ANJE <\/b>&#8211; Na osnovu provedenog izra\u010duna kreiraju se uplatnice za pla\u0107anje\u00a0obaveze predujma poreza na dohodak, prireza i doprinosa (ako postoji obaveza)<\/li>\n<li><b>KREIRANJE OBRASCA ID ***<\/b> &#8211; Svakoga mjeseca nakon provedenoga izra\u010duna se kreira Obrazac ID.<\/li>\n<li><b>KREIRANJE OBRASCA IP<\/b> &#8211; Na kraju godine u periodu od 01.01. do 31.01 slijede\u0107e godine kreira se Obrazac IP koji sadr\u017ei rekapitulaciju isplata mirovina i upla\u0107enih predujmova poreza na dohodak i prireza porezu na dohodak.<\/li>\n<li><b>KREIRANJE GODI\u0160NJE PRIJAVE POREZA NA DOHODAK<\/b> &#8211;<b> <\/b>Ukoliko postoje uvjeti za obavezu prijave poreza na dohodak u periodu od 01.02. do 20.02. se izra\u0111uje prijava poreza na dohodak.<\/li>\n<\/ol>\n<p><span style=\"text-decoration: underline;\"><strong>Ugovaranje usluge obra\u010duna poreza i prireza na inozemne mirovine<\/strong><\/span><\/p>\n<p>Korisnik usluge (umirovljenik, opunomo\u0107enik), potpisivanjem op\u0107ih uvjeta kori\u0161tenja usluge,\u00a0 ugovara uslugu sa Oktaedar d.o.o. Nakon ugovaranje usluge Oktaedar d.o.o. \u0161alje upitnik u kojem korisnik popunjava podatke bitne za ispravan obra\u010dun. U sklopu godi\u0161nje usluge Oktaedar d.o.o. izra\u0111uje <b>12 mjese\u010dnih obra\u010duna predujmova poreza na dohodak, prireza i doprinosa<\/b>. Svakoga mjeseca se po\u0161tom, na korisnikovu ku\u0107nu adresu, <b>isporu\u010duje obra\u010dun, uplatnice za pla\u0107anje poreza, prireza i doprinosa i Obrazac ID***<\/b>. Ispunjene uplatnice za pla\u0107anje poreza, prireza i doprinosa korisnik mo\u017ee platiti u po\u0161tanskim uredima, poslovnicama FINE ili u poslovnim bankama. <b>Obrazac ID*** \u0107e korisnik osobno dostaviti u nadle\u017enu ispostavu porezne uprave<\/b>. Na kraju kalendarske godine korisniku \u0107e na ku\u0107nu adresu biti poslan <strong>Obrazac IP<\/strong>. U slu\u010daju da korisnik ima obavezu predaje prijave poreza na dohodak Oktaedar d.o.o. \u0107e izraditi prijavu (<strong>Obrazac DOH<\/strong>) i poslati je na ku\u0107nu adresu korisnika. Naedena razina usluga pokriva sve zakonske obaveze za pla\u0107anje poreza na dohodak na inozemnu mirovinu.<\/p>\n<p>*** Najavljeno je skoro ukidanje Obrasca ID i uvo\u0111enje obrasca JOPPD. Oktaedar \u0107e u sklopu usluge osigurati isporuku zakonski propisanih obrazaca.<\/p>\n<p><span style=\"text-decoration: underline;\"><strong><a name=\"cijenausluge\"><\/a>Cijena usluge<\/strong><\/span><\/p>\n<p style=\"padding-left: 30px; text-align: center;\"><span style=\"font-size: medium; font-family: arial,helvetica,sans-serif;\"><b>OBRA\u010cUN POREZA, PRIREZA i DOPRINOSA na INOZEMNE MIROVINE ZA 2013. GODINU<\/b><\/span><\/p>\n<p style=\"padding-left: 30px; text-align: center;\"><span style=\"font-family: arial,helvetica,sans-serif; font-size: xx-large; color: #008000;\"><b>1875,00 KN<\/b><\/span> (1500,00 KN + PDV)<\/p>\n<p style=\"padding-left: 30px;\">Dvanaest mjese\u010dnih\u00a0 obra\u010duna predujma poreza na dohodak, prireza i doprinosa<br \/>\nMjese\u010dno, isporuka po\u0161tom: obra\u010dun, uplatnice za pla\u0107anje, Obrazac ID<br \/>\nNa kraju godine, isporuka po\u0161tom: Obrazac IP<br \/>\nIzrada godi\u0161nje prijave poreza (ukoliko postoji potreba)<\/p>\n<p><span style=\"text-decoration: underline;\"><strong>Pla\u0107anje usluge<\/strong><\/span><\/p>\n<p>Usluga obra\u010duna ugovara se kalendarsku godinu (01.01. &#8211; 31.12). Zainteresiranim strankama se izdaje ponuda. Uvjet za po\u010detak pru\u017eanja usluge je avansno pla\u0107anje usluge (po ponudi) za cijelu kalendarsku godinu (za 2013. = 1875,00 KN) i prihva\u0107anje op\u0107ih uvjeta kori\u0161tenja usluge. Nakon zaprimanja uplate Oktaedar d.o.o. izdaje ra\u010dun i aktivira uslugu. U slu\u010daju aktiviranja usluge tijekom kalendarske godine pru\u017eatelj usluge Oktaedar d.o.o. \u0107e retroaktivno izvr\u0161iti obra\u010dune predujmova poreza, prireza te doprinosa i izdavanje propisane dokumentacije.<\/p>\n<p style=\"text-align: center;\"><strong><span style=\"font-family: arial,helvetica,sans-serif; font-size: large; color: #ff6600;\"><a href=\"https:\/\/www.obracun-placa.com\/index.php\/obracun-placa-kontakt\/\"><span style=\"color: #ff6600;\">KONTAKT<\/span><\/a><\/span><\/strong><\/p>\n<p>&nbsp;<\/p>\n<p>&nbsp;<\/p>\n<p>&nbsp;<\/p>\n","protected":false},"excerpt":{"rendered":"<p>NOVO !!! Prema novome pravilniku u\u00a0Pravilnik o izmjenama i dopunama Pravilnika o porezu na dohodak (NN 79\/2013 od 27.06.2013.) LINK umirovljenici koji ostvaruju inozemnu mirovinu i obveznici u poreza na dohodak se\u00a0omogu\u0107ava pla\u0107anje predujma poreza na dohodak po rje\u0161enju porezne uprave.\u00a0\u00a0Porezna uprava \u0107e na osnovu zahtjeva umirovljenika utvrditi iznos mjese\u010dnog predujma poreza i prireza na [&hellip;]<\/p>\n","protected":false},"author":1501,"featured_media":0,"parent":0,"menu_order":0,"comment_status":"closed","ping_status":"closed","template":"","meta":{"pmpro_default_level":"","footnotes":""},"class_list":["post-5529","page","type-page","status-publish","hentry","pmpro-has-access"],"aioseo_notices":[],"_links":{"self":[{"href":"https:\/\/www.obracun-placa.com\/index.php\/wp-json\/wp\/v2\/pages\/5529","targetHints":{"allow":["GET"]}}],"collection":[{"href":"https:\/\/www.obracun-placa.com\/index.php\/wp-json\/wp\/v2\/pages"}],"about":[{"href":"https:\/\/www.obracun-placa.com\/index.php\/wp-json\/wp\/v2\/types\/page"}],"author":[{"embeddable":true,"href":"https:\/\/www.obracun-placa.com\/index.php\/wp-json\/wp\/v2\/users\/1501"}],"replies":[{"embeddable":true,"href":"https:\/\/www.obracun-placa.com\/index.php\/wp-json\/wp\/v2\/comments?post=5529"}],"version-history":[{"count":0,"href":"https:\/\/www.obracun-placa.com\/index.php\/wp-json\/wp\/v2\/pages\/5529\/revisions"}],"wp:attachment":[{"href":"https:\/\/www.obracun-placa.com\/index.php\/wp-json\/wp\/v2\/media?parent=5529"}],"curies":[{"name":"wp","href":"https:\/\/api.w.org\/{rel}","templated":true}]}}