{"id":5320,"date":"2013-01-30T15:08:33","date_gmt":"2013-01-30T14:08:33","guid":{"rendered":"http:\/\/www.obracun-placa.com\/?page_id=5320"},"modified":"2020-12-21T15:25:55","modified_gmt":"2020-12-21T14:25:55","slug":"izracun-zasticenoga-dijela-place-od-ovrhe-kalkulator-za-izracun-dijela-place-koji-je-zasticen-od-ovrhe-na-placi","status":"publish","type":"page","link":"https:\/\/www.obracun-placa.com\/index.php\/izracun-zasticenoga-dijela-place-od-ovrhe-kalkulator-za-izracun-dijela-place-koji-je-zasticen-od-ovrhe-na-placi\/","title":{"rendered":"Izra\u010dun za\u0161ti\u0107enoga dijela pla\u0107e od ovrhe &#8211; kalkulator za izra\u010dun dijela pla\u0107e koji je za\u0161ti\u0107en od ovrhe na pla\u0107i"},"content":{"rendered":"<p><span style=\"font-family: arial, helvetica, sans-serif; font-size: 10pt;\">Kalk<a href=\"https:\/\/www.obracun-placa.com\/wp-content\/uploads\/1379639978_calculatorfree.png\"><img loading=\"lazy\" decoding=\"async\" class=\"alignleft wp-image-10041\" src=\"https:\/\/www.obracun-placa.com\/wp-content\/uploads\/1379639978_calculatorfree.png\" alt=\"1379639978_calculatorfree\" width=\"125\" height=\"125\" srcset=\"https:\/\/www.obracun-placa.com\/wp-content\/uploads\/1379639978_calculatorfree.png 256w, https:\/\/www.obracun-placa.com\/wp-content\/uploads\/1379639978_calculatorfree-150x150.png 150w\" sizes=\"auto, (max-width: 125px) 100vw, 125px\" \/><\/a>ulator je namijenjen za izradu informativnog izra\u010duna dijela pla\u0107e koji je za\u0161ti\u0107en od ovrhe. Primijenjeni model izra\u010duna je kreiran na osnovu odredbi va\u017ee\u0107ega Zakona o ovrsi. Odredbe Zakona o ovrsi koje se odnose na ovrhu nad pla\u0107om\u00a0 mo\u017eete pro\u010ditati na stranici <a href=\"https:\/\/www.obracun-placa.com\/index.php\/obracun-placa\/ovrha-na-placi-i-iznos-place-koji-je-zasticen-u-ovrsnom-postupku-nad-placom\/\" target=\"_blank\" rel=\"noopener noreferrer\"><span style=\"color: #ff9900;\">Ovrha na pla\u0107i i iznos pla\u0107e koji je za\u0161ti\u0107en u ovr\u0161nom postupku nad pla\u0107om<\/span><\/a>.\u00a0Izra\u010dun dijela pla\u0107e koji je za\u0161ti\u0107en od ovrhe se provodi na osnovu neto pla\u0107e ovr\u0161enika i prosje\u010dne mjese\u010dne neto pla\u0107e u RH. U kalkulatoru je podr\u017ean i izra\u010dun za\u0161ti\u0107enog iznosa pla\u0107e u slu\u010daju ovrhe od strane Porezne uprave.<\/span><\/p>\n<p>&nbsp;<\/p>\n<p><span style=\"font-family: arial, helvetica, sans-serif; font-size: 10pt;\">    <style type=\"text\/css\">\n        @import url(https:\/\/www.obracun-placa.com\/wp-content\/plugins\/jazzy-forms\/front\/themes\/1.css);\n    <\/style>\n    <style type=\"text\/css\" scoped=\"scoped\">\n        \/* Element overall *\/\ndiv.jzzf_element{\nmargin:0 auto;\nwidth:450px;\n}\n\/* Element labels -naslovi*\/\ndiv.jzzf_element label{\ndisplay:block;\nfont-weight:bold;\ntext-align:left;\nwidth:150px;\npadding:4px 2px;\nfloat:left;\n\n}\n\/* Element inputs *\/\ndiv.jzzf_element input, select, message{\nfloat:left;\nfont-size:15px;\npadding:4px 2px;\nwidth:130px;\nmargin:2px 0 2px 5px;\ntext-align:center;\n}\ndiv.jzzf_half{width: 220px;}\ndiv.jzzf_third{width:140px;}\ndiv.jzzf_full{width:450px;}\n\nform.jzzf_form {background-color: #000 width: 90%;border:2px solid #7f8c8D;padding:20px;border-radius: 10px;}\n\ndiv.jzzf_element input, select, message{border-color: #FFA500;border-style: solid; border-width: thin;} \n    <\/style>\n    <script type=\"text\/javascript\">\n        if(typeof(jzzf_forms) == \"undefined\") {\n            jzzf_forms = [];\n        }\n        var graph = {\n            \"data\": {\"prnetopl\":[\"1131\",\"1302\",\"1434\"],\"vrstaobustave\":[\"0.75\",\"0.25\"]},\n            \"types\": {\"element_3\":\"m\",\"element_1\":\"t\",\"iznnetopl\":\"n\",\"koef\":\"f\",\"prnetopl\":\"d\",\"vrstaobustave\":\"d\",\"minimalnaplaca\":\"f\",\"vrstaobustave2\":\"f\",\"izracunaj\":\"u\",\"osnovica\":\"f\",\"ziznos\":\"f\",\"element\":\"m\",\"more\":\"m\",\"zasticeniiznos\":\"f\",\"iznoszaovrhu\":\"f\",\"element_2\":\"m\"},\n            \"dependencies\": {\"iznnetopl\":[\"koef\",\"iznoszaovrhu\",\"osnovica\",\"ziznos\",\"zasticeniiznos\",\"iznoszaovrhu\"],\"prnetopl\":[\"minimalnaplaca\",\"ziznos\",\"zasticeniiznos\",\"iznoszaovrhu\",\"osnovica\"],\"vrstaobustave\":[\"vrstaobustave2\",\"ziznos\",\"zasticeniiznos\",\"iznoszaovrhu\"]},\n            \"formulas\": {\"koef\":[\"f\",\"if\",[\"o\",\"<>\",[\"v\",\"iznnetopl\"],[\"n\",0]],[\"n\",1],[\"n\",0]],\"minimalnaplaca\":[\"o\",\"*\",[\"v\",\"prnetopl\"],[\"n\",0.6666666]],\"vrstaobustave2\":[\"v\",\"vrstaobustave\"],\"osnovica\":[\"f\",\"if\",[\"o\",\">\",[\"v\",\"iznnetopl\"],[\"v\",\"prnetopl\"]],[\"v\",\"prnetopl\"],[\"v\",\"iznnetopl\"]],\"ziznos\":[\"f\",\"if\",[\"o\",\"=\",[\"v\",\"iznnetopl\"],[\"n\",0]],[\"n\",0],[\"f\",\"if\",[\"o\",\">\",[\"o\",\"*\",[\"v\",\"iznnetopl\"],[\"v\",\"vrstaobustave2\"]],[\"v\",\"minimalnaplaca\"]],[\"v\",\"minimalnaplaca\"],[\"o\",\"*\",[\"v\",\"iznnetopl\"],[\"v\",\"vrstaobustave2\"]]]],\"zasticeniiznos\":[\"f\",\"if\",[\"o\",\"<>\",[\"v\",\"ziznos\"],[\"n\",0]],[\"v\",\"ziznos\"],[\"n\",0]],\"iznoszaovrhu\":[\"f\",\"if\",[\"o\",\"<>\",[\"v\",\"osnovica\"],[\"n\",0]],[\"o\",\"*\",[\"o\",\"-\",[\"v\",\"iznnetopl\"],[\"v\",\"zasticeniiznos\"]],[\"v\",\"koef\"]],[\"n\",0]]},\n            \"templates\": [],\n            \"form\": {\"id\":3,\"title\":\"\\u017da\\u0161ti\\u0107eni iznos pla\\u0107e\",\"name\":\"zasticeniiznosplace\",\"theme\":1,\"realtime\":true,\"incomplete\":\"\",\"email\":null},\n            \"params\": {\"koef\":{\"prefix\":\"\",\"postfix\":\"\",\"zeros\":0,\"decimals\":9,\"fixed\":false,\"thousands\":\"\",\"point\":\".\"},\"minimalnaplaca\":{\"prefix\":\"\",\"postfix\":\"\",\"zeros\":0,\"decimals\":9,\"fixed\":false,\"thousands\":\"\",\"point\":\".\"},\"vrstaobustave2\":{\"prefix\":\"\",\"postfix\":\"\",\"zeros\":0,\"decimals\":9,\"fixed\":false,\"thousands\":\"\",\"point\":\".\"},\"osnovica\":{\"prefix\":\"\",\"postfix\":\"\",\"zeros\":0,\"decimals\":9,\"fixed\":false,\"thousands\":\"\",\"point\":\".\"},\"ziznos\":{\"prefix\":\"\",\"postfix\":\"\",\"zeros\":0,\"decimals\":9,\"fixed\":false,\"thousands\":\"\",\"point\":\".\"},\"zasticeniiznos\":{\"prefix\":\" = \",\"postfix\":\" EUR\",\"zeros\":0,\"decimals\":2,\"fixed\":true,\"thousands\":\".\",\"point\":\",\"},\"iznoszaovrhu\":{\"prefix\":\" = \",\"postfix\":\" EUR\",\"zeros\":0,\"decimals\":2,\"fixed\":true,\"thousands\":\".\",\"point\":\",\"}},\n            \"email\": null,\n            \"required\": {}        };\n        var jzzf_ajax_url = \"https:\/\/www.obracun-placa.com\/wp-admin\/admin-ajax.php\";\n        jzzf_forms.push({\"id\": 3, \"data\": graph});        \n    <\/script>\n<form class=\"jzzf_form jzzf_form_3\">\n<div id=\"jzzf_form_error_3\" class=\"jzzf_form_error\" style=\"display: none\"><\/div>\n<ul class=\"jzzf_form_elements\">\n      <li class=\"jzzf_row\">\n      <div class=\"jzzf_element jzzf_element_m jzzf_ahead_t jzzf_break jzzf_full\"  id=\"jzzf_3_element_3\">\n        <center><strong><font size=\"3\"><font color=\"orange\">KALKULATOR ZA IZRA\u010cUN ZA\u0160TI\u0106ENOGA IZNOSA PLA\u0106E OD OVRHE<\/font color>\n<\/font size><\/strong><\/center>  <div class=\"jzzf_error\"><\/div>\n  <\/div>\n          <div class=\"jzzf_message\"><\/div>\n  <div class=\"clear\"><\/div>\n  <\/li>\n              <li class=\"jzzf_row\">\n      <div class=\"jzzf_element jzzf_element_t jzzf_ahead_n jzzf_break jzzf_full\"  id=\"jzzf_3_element_1\">\n        Unesite iznos neto pla\u0107e (koristiti decimalnu to\u010dku za unos lipa) umanjen za neto iznose koji se odnose na bolovanja i druge neoporezivne naknade koje nisu predmet ovrhe.<br \/>*** koristiti decimalnu to\u010dku za unos lipa  <div class=\"jzzf_error\"><\/div>\n  <\/div>\n          <div class=\"jzzf_message\"><\/div>\n  <div class=\"clear\"><\/div>\n  <\/li>\n              <li class=\"jzzf_row\">\n      <div class=\"jzzf_element jzzf_element_n jzzf_ahead_f jzzf_break jzzf_third\" >\n    <label class=\"jzzf_number_label jzzf_element_label\" for=\"jzzf_3_iznnetopl\">Iznos neto pla\u0107e<\/label><input type=\"text\" id=\"jzzf_3_iznnetopl\" value=\"\">\n  <div class=\"jzzf_error\"><\/div>\n  <\/div>\n          <div class=\"jzzf_message\"><\/div>\n  <div class=\"clear\"><\/div>\n  <\/li>\n              <li class=\"jzzf_row\">\n      <div class=\"jzzf_element jzzf_element_f jzzf_ahead_d jzzf_break jzzf_full\"  style=\"display:none;\">\n        <label class=\"jzzf_element_label jzzf_output_label\" for=\"jzzf_3_koef\">Koeficijent<\/label><input type=\"text\" readonly=\"readonly\" id=\"jzzf_3_koef\" value=\"...\">\n  <div class=\"jzzf_error\"><\/div>\n  <\/div>\n          <div class=\"jzzf_message\"><\/div>\n  <div class=\"clear\"><\/div>\n  <\/li>\n              <li class=\"jzzf_row\">\n      <div class=\"jzzf_element jzzf_element_d jzzf_ahead_d jzzf_break jzzf_third\" >\n    <label class=\"jzzf_element_label jzzf_dropdown_label\" for=\"jzzf_3_prnetopl\">Isplata pla\u0107e u godini<\/label><select id=\"jzzf_3_prnetopl\">\n        <option>2024<\/option>\n        <option>2025<\/option>\n        <option selected=\"selected\">2026<\/option>\n        <\/select>\n  <div class=\"jzzf_error\"><\/div>\n  <\/div>\n          <div class=\"jzzf_message\"><\/div>\n  <div class=\"clear\"><\/div>\n  <\/li>\n              <li class=\"jzzf_row\">\n      <div class=\"jzzf_element jzzf_element_d jzzf_ahead_f jzzf_break jzzf_full\" >\n    <label class=\"jzzf_element_label jzzf_dropdown_label\" for=\"jzzf_3_vrstaobustave\">Vrsta ovrhe<\/label><select id=\"jzzf_3_vrstaobustave\">\n        <option selected=\"selected\">Ovrha (za\u0161ti\u0107ene 3\/4 pla\u0107e a  max. do 2\/3 pros.neto.pl.RH) <\/option>\n        <option>Prisilna naplata za uzdr\u017eavanje djeteta (za\u0161ti\u0107ena 1\/4)<\/option>\n        <\/select>\n  <div class=\"jzzf_error\"><\/div>\n  <\/div>\n          <div class=\"jzzf_message\"><\/div>\n  <div class=\"clear\"><\/div>\n  <\/li>\n              <li class=\"jzzf_row\">\n      <div class=\"jzzf_element jzzf_element_f jzzf_ahead_f jzzf_break jzzf_full\"  style=\"display:none;\">\n        <label class=\"jzzf_element_label jzzf_output_label\" for=\"jzzf_3_minimalnaplaca\">minimalnaplaca<\/label><input type=\"text\" readonly=\"readonly\" id=\"jzzf_3_minimalnaplaca\" value=\"...\">\n  <div class=\"jzzf_error\"><\/div>\n  <\/div>\n          <div class=\"jzzf_message\"><\/div>\n  <div class=\"clear\"><\/div>\n  <\/li>\n              <li class=\"jzzf_row\">\n      <div class=\"jzzf_element jzzf_element_f jzzf_ahead_u jzzf_break jzzf_full\"  style=\"display:none;\">\n        <label class=\"jzzf_element_label jzzf_output_label\" for=\"jzzf_3_vrstaobustave2\"><\/label><input type=\"text\" readonly=\"readonly\" id=\"jzzf_3_vrstaobustave2\" value=\"...\">\n  <div class=\"jzzf_error\"><\/div>\n  <\/div>\n          <div class=\"jzzf_message\"><\/div>\n  <div class=\"clear\"><\/div>\n  <\/li>\n              <li class=\"jzzf_row\">\n      <div class=\"jzzf_element jzzf_element_u jzzf_ahead_f jzzf_break jzzf_full\" >\n        <input type=\"button\" id=\"jzzf_3_izracunaj\" value=\"Izra\u010dunaj\">\n  <div class=\"jzzf_error\"><\/div>\n  <\/div>\n          <div class=\"jzzf_message\"><\/div>\n  <div class=\"clear\"><\/div>\n  <\/li>\n              <li class=\"jzzf_row\">\n      <div class=\"jzzf_element jzzf_element_f jzzf_ahead_f jzzf_break jzzf_full\"  style=\"display:none;\">\n        <label class=\"jzzf_element_label jzzf_output_label\" for=\"jzzf_3_osnovica\">Osnovica<\/label><input type=\"text\" readonly=\"readonly\" id=\"jzzf_3_osnovica\" value=\"...\">\n  <div class=\"jzzf_error\"><\/div>\n  <\/div>\n          <div class=\"jzzf_message\"><\/div>\n  <div class=\"clear\"><\/div>\n  <\/li>\n              <li class=\"jzzf_row\">\n      <div class=\"jzzf_element jzzf_element_f jzzf_ahead_m jzzf_break jzzf_full\"  style=\"display:none;\">\n        <label class=\"jzzf_element_label jzzf_output_label\" for=\"jzzf_3_ziznos\">Za\u0161ti\u0107eni iznos ra\u010dun<\/label><input type=\"text\" readonly=\"readonly\" id=\"jzzf_3_ziznos\" value=\"...\">\n  <div class=\"jzzf_error\"><\/div>\n  <\/div>\n          <div class=\"jzzf_message\"><\/div>\n  <div class=\"clear\"><\/div>\n  <\/li>\n              <li class=\"jzzf_row\">\n      <div class=\"jzzf_element jzzf_element_m jzzf_ahead_m jzzf_break jzzf_full\"  id=\"jzzf_3_element\">\n        <center><strong>INFORMATIVNI IZRA\u010cUN ZA\u0160TI\u0106ENOGA IZNOSA PLA\u0106E (REZULTAT)<\/strong><\/center>  <div class=\"jzzf_error\"><\/div>\n  <\/div>\n          <div class=\"jzzf_message\"><\/div>\n  <div class=\"clear\"><\/div>\n  <\/li>\n              <li class=\"jzzf_row\">\n      <div class=\"jzzf_element jzzf_element_m jzzf_ahead_f jzzf_break jzzf_full\"  id=\"jzzf_3_more\">\n        <!--more-->  <div class=\"jzzf_error\"><\/div>\n  <\/div>\n          <div class=\"jzzf_message\"><\/div>\n  <div class=\"clear\"><\/div>\n  <\/li>\n              <li class=\"jzzf_row\">\n      <div class=\"jzzf_element jzzf_element_f jzzf_ahead_f jzzf_break jzzf_half\" >\n        <label class=\"jzzf_element_label jzzf_output_label\" for=\"jzzf_3_zasticeniiznos\">Iznos pla\u0107e za\u0161ti\u0107en od ovrhe (uplata na za\u0161ti\u0107eni ra\u010dun)<\/label><input type=\"text\" readonly=\"readonly\" id=\"jzzf_3_zasticeniiznos\" value=\"...\">\n  <div class=\"jzzf_error\"><\/div>\n  <\/div>\n          <div class=\"jzzf_message\"><\/div>\n  <div class=\"clear\"><\/div>\n  <\/li>\n              <li class=\"jzzf_row\">\n      <div class=\"jzzf_element jzzf_element_f jzzf_ahead_m jzzf_break jzzf_half\" >\n        <label class=\"jzzf_element_label jzzf_output_label\" for=\"jzzf_3_iznoszaovrhu\">Iznos pla\u0107e za ovrhu nad pla\u0107om<\/label><input type=\"text\" readonly=\"readonly\" id=\"jzzf_3_iznoszaovrhu\" value=\"...\">\n  <div class=\"jzzf_error\"><\/div>\n  <\/div>\n          <div class=\"jzzf_message\"><\/div>\n  <div class=\"clear\"><\/div>\n  <\/li>\n              <li class=\"jzzf_row\">\n      <div class=\"jzzf_element jzzf_element_m jzzf_ahead_ jzzf_break jzzf_full\"  id=\"jzzf_3_element_2\">\n        <center><strong><font color=\"red\">IZRA\u010cUN JE INFORMATIVNOGA SADR\u017dAJA I NE MO\u017dE GA SE KORISTITI U DRUGE SVRHE!<\/FONT><\/strong><\/center>  <div class=\"jzzf_error\"><\/div>\n  <\/div>\n          <div class=\"jzzf_message\"><\/div>\n  <div class=\"clear\"><\/div>\n  <\/li>\n        <\/ul>\n<\/form>\n<\/span><\/p>\n<p><span style=\"font-family: arial, helvetica, sans-serif; font-size: 10pt;\">Ovr\u0161ni zakon &#8211;\u00a0\u00a0Ograni\u010denje ovrhe &#8211; \u010clanak 173.<\/span><\/p>\n<p><span style=\"font-family: arial, helvetica, sans-serif; font-size: 10pt;\">(1) Ako se ovrha provodi na pla\u0107i ovr\u0161enika, od ovrhe je izuzet iznos u visini dvije tre\u0107ine prosje\u010dne netopla\u0107e u Republici Hrvatskoj, a ako se ovrha provodi radi naplate tra\u017ebine po osnovi zakonskog uzdr\u017eavanja, naknade \u0161tete nastale zbog naru\u0161enja zdravlja ili smanjenja, odnosno gubitka radne sposobnosti i naknade \u0161tete za izgubljeno uzdr\u017eavanje zbog smrti davatelja uzdr\u017eavanja, iznos u visini od jedne polovine prosje\u010dne netopla\u0107e u Republici Hrvatskoj, osim u slu\u010daju ovrhe radi prisilne naplate nov\u010danih iznosa za uzdr\u017eavanje djeteta u kojem slu\u010daju je od ovrhe izuzet iznos koji odgovara iznosu od jedne \u010detvrtine prosje\u010dne mjese\u010dne ispla\u0107ene netopla\u0107e po zaposlenom u pravnim osobama Republike Hrvatske za proteklu godinu.<\/span><\/p>\n<p><span style=\"font-family: arial, helvetica, sans-serif; font-size: 10pt;\">(2) Ako ovr\u0161enik prima pla\u0107u koja je manja od prosje\u010dne netopla\u0107e u Republici Hrvatskoj, od ovrhe je izuzet iznos u visini dvije tre\u0107ine pla\u0107e ovr\u0161enika, a ako se ovrha provodi radi naplate tra\u017ebine po osnovi zakonskog uzdr\u017eavanja, naknade \u0161tete nastale zbog naru\u0161enja zdravlja ili smanjenja, odnosno gubitka radne sposobnosti i naknade \u0161tete za izgubljeno uzdr\u017eavanje zbog smrti davatelja uzdr\u017eavanja, iznos u visini jedne polovine netopla\u0107e ovr\u0161enika.<\/span><\/p>\n<p><span style=\"font-family: arial, helvetica, sans-serif; font-size: 10pt;\">(3) Prosje\u010dna netopla\u0107a u smislu stavka 1. ovoga \u010dlanka jest prosje\u010dan iznos mjese\u010dne netopla\u0107e ispla\u0107ene po jednom zaposlenom u pravnim osobama u Republici Hrvatskoj, za razdoblje sije\u010danj \u2013 kolovoz teku\u0107e godine, koju je du\u017ean utvrditi Dr\u017eavni zavod za statistiku i objaviti je u \u00bbNarodnim novinama\u00ab, najkasnije do 31. prosinca te godine. Tako utvr\u0111eni iznos primjenjivat \u0107e se u idu\u0107oj godini.<\/span><\/p>\n<p><span style=\"font-family: arial, helvetica, sans-serif; font-size: 10pt;\">(4) Odredbe stavaka 1. i 2. ovoga \u010dlanka primjenjuju se i na ovrhu na naknadi umjesto pla\u0107e, naknadi za skra\u0107eno radno vrijeme, naknadi zbog umanjenja pla\u0107e, mirovini, pla\u0107i vojnih osoba te na primanja osoba u pri\u010duvnom sastavu za vrijeme vojne slu\u017ebe i na drugom stalnom nov\u010danom primanju civilnih i vojnih osoba, osim na ovrhu na primanjima iz stavaka 5. i 6. ovoga \u010dlanka.<\/span><\/p>\n<p><span style=\"font-family: arial, helvetica, sans-serif; font-size: 10pt;\">(5) Ovrha na primanju invalida po osnovi nov\u010dane naknade za tjelesno o\u0161te\u0107enje i doplatak za tu\u0111u pomo\u0107 i njegu mo\u017ee se provesti samo radi naplate tra\u017ebine po osnovi zakonskoga uzdr\u017eavanja, naknade \u0161tete nastale zbog naru\u0161enja zdravlja ili smanjenja, odnosno gubitka radne sposobnosti i naknade \u0161tete za izgubljeno uzdr\u017eavanje zbog smrti davatelja uzdr\u017eavanja, i to do iznosa od jedne polovice toga primanja.<\/span><\/p>\n<p><span style=\"font-family: arial, helvetica, sans-serif; font-size: 10pt;\">(6) Ovrha na primanju po osnovi ugovora o do\u017eivotnom uzdr\u017eavanju i do\u017eivotnoj renti te na primanju po osnovi ugovora o osiguranju \u017eivota mo\u017ee se provesti samo na dijelu koji prelazi iznos osnovice na temelju koje se utvr\u0111uje iznos pomo\u0107i za uzdr\u017eavanje.<\/span><\/p>\n","protected":false},"excerpt":{"rendered":"<p>Kalkulator je namijenjen za izradu informativnog izra\u010duna dijela pla\u0107e koji je za\u0161ti\u0107en od ovrhe. Primijenjeni model izra\u010duna je kreiran na osnovu odredbi va\u017ee\u0107ega Zakona o ovrsi. Odredbe Zakona o ovrsi koje se odnose na ovrhu nad pla\u0107om\u00a0 mo\u017eete pro\u010ditati na stranici Ovrha na pla\u0107i i iznos pla\u0107e koji je za\u0161ti\u0107en u ovr\u0161nom postupku nad pla\u0107om.\u00a0Izra\u010dun [&hellip;]<\/p>\n","protected":false},"author":1501,"featured_media":0,"parent":0,"menu_order":0,"comment_status":"closed","ping_status":"closed","template":"","meta":{"pmpro_default_level":"","footnotes":""},"class_list":["post-5320","page","type-page","status-publish","hentry","pmpro-has-access"],"aioseo_notices":[],"_links":{"self":[{"href":"https:\/\/www.obracun-placa.com\/index.php\/wp-json\/wp\/v2\/pages\/5320","targetHints":{"allow":["GET"]}}],"collection":[{"href":"https:\/\/www.obracun-placa.com\/index.php\/wp-json\/wp\/v2\/pages"}],"about":[{"href":"https:\/\/www.obracun-placa.com\/index.php\/wp-json\/wp\/v2\/types\/page"}],"author":[{"embeddable":true,"href":"https:\/\/www.obracun-placa.com\/index.php\/wp-json\/wp\/v2\/users\/1501"}],"replies":[{"embeddable":true,"href":"https:\/\/www.obracun-placa.com\/index.php\/wp-json\/wp\/v2\/comments?post=5320"}],"version-history":[{"count":1,"href":"https:\/\/www.obracun-placa.com\/index.php\/wp-json\/wp\/v2\/pages\/5320\/revisions"}],"predecessor-version":[{"id":18838,"href":"https:\/\/www.obracun-placa.com\/index.php\/wp-json\/wp\/v2\/pages\/5320\/revisions\/18838"}],"wp:attachment":[{"href":"https:\/\/www.obracun-placa.com\/index.php\/wp-json\/wp\/v2\/media?parent=5320"}],"curies":[{"name":"wp","href":"https:\/\/api.w.org\/{rel}","templated":true}]}}