{"id":386,"date":"2010-08-03T12:50:04","date_gmt":"2010-08-03T10:50:04","guid":{"rendered":"http:\/\/www.obracun-placa.com\/index.php\/"},"modified":"2015-04-12T22:13:52","modified_gmt":"2015-04-12T20:13:52","slug":"fond-radnih-sati-u-2010","status":"publish","type":"page","link":"https:\/\/www.obracun-placa.com\/index.php\/fond-radnih-sati-u-2010\/","title":{"rendered":"Fond radnih sati (sati rada) u 2010."},"content":{"rendered":"<p style=\"text-align: center;\"><span style=\"color: #333333; font-family: arial, helvetica, sans-serif;\"><strong><strong>ZA 40-SATNI RADNI TJEDAN<br \/>\n<\/strong><\/strong><\/span><\/p>\n<p><center><\/p>\n<table style=\"width: 517px; height: 284px;\" border=\"1\" width=\"517\" cellspacing=\"0\" cellpadding=\"0\">\n<colgroup span=\"1\">\n<col span=\"1\" width=\"83\" \/>\n<col span=\"1\" width=\"85\" \/>\n<col span=\"1\" width=\"62\" \/>\n<col span=\"2\" width=\"75\" \/>\n<col span=\"1\" width=\"66\" \/>\n<col span=\"1\" width=\"74\" \/> <\/colgroup>\n<tbody>\n<tr style=\"background-color: #696969;\" align=\"center\">\n<td style=\"background-color: #696969; border: 1px solid #000000;\"><strong><span style=\"color: #ffffff;\">2010.<\/span><\/strong><\/td>\n<td style=\"background-color: #696969; border: 1px solid #000000;\"><strong><span style=\"color: #ffffff;\">BROJ DANA<\/span><\/strong><\/td>\n<td style=\"background-color: #696969; border: 1px solid #000000;\"><strong><span style=\"color: #ffffff;\">BROJ RADNIH DANA<\/span><\/strong><\/td>\n<td style=\"background-color: #696969; border: 1px solid #000000;\"><strong><span style=\"color: #ffffff;\">BROJ DANA PRAZNIKA<\/span><\/strong><\/td>\n<td style=\"background-color: #696969; border: 1px solid #000000;\"><strong><span style=\"color: #ffffff;\">MJESE\u010cNI FOND SATI<\/span><\/strong><\/td>\n<td style=\"background-color: #696969; border: 1px solid #000000;\"><strong><span style=\"color: #ffffff;\">BROJ RADNIH SATI<\/span><\/strong><\/td>\n<td style=\"background-color: #696969; border: 1px solid #000000;\"><strong><span style=\"color: #ffffff;\">BROJ SATI PRAZNIKA<\/span><\/strong><\/td>\n<\/tr>\n<tr>\n<td height=\"19\">SIJE\u010cANJ<\/td>\n<td style=\"text-align: center;\">21<\/td>\n<td style=\"text-align: center;\">19<\/td>\n<td style=\"text-align: center;\">2<\/td>\n<td style=\"text-align: center;\">168<\/td>\n<td style=\"text-align: center;\">152<\/td>\n<td style=\"text-align: center;\">16<\/td>\n<\/tr>\n<tr>\n<td height=\"19\">VELJA\u010cA<\/td>\n<td style=\"text-align: center;\">20<\/td>\n<td style=\"text-align: center;\">20<\/td>\n<td style=\"text-align: center;\">0<\/td>\n<td style=\"text-align: center;\">160<\/td>\n<td style=\"text-align: center;\">160<\/td>\n<td style=\"text-align: center;\">0<\/td>\n<\/tr>\n<tr>\n<td height=\"19\">O\u017dUJAK<\/td>\n<td style=\"text-align: center;\">23<\/td>\n<td style=\"text-align: center;\">23<\/td>\n<td style=\"text-align: center;\">0<\/td>\n<td style=\"text-align: center;\">184<\/td>\n<td style=\"text-align: center;\">184<\/td>\n<td style=\"text-align: center;\">0<\/td>\n<\/tr>\n<tr>\n<td height=\"19\">TRAVANJ<\/td>\n<td style=\"text-align: center;\">22<\/td>\n<td style=\"text-align: center;\">21<\/td>\n<td style=\"text-align: center;\">1<\/td>\n<td style=\"text-align: center;\">176<\/td>\n<td style=\"text-align: center;\">168<\/td>\n<td style=\"text-align: center;\">8<\/td>\n<\/tr>\n<tr>\n<td height=\"19\">SVIBANJ<\/td>\n<td style=\"text-align: center;\">21<\/td>\n<td style=\"text-align: center;\">21<\/td>\n<td style=\"text-align: center;\">0<\/td>\n<td style=\"text-align: center;\">168<\/td>\n<td style=\"text-align: center;\">168<\/td>\n<td style=\"text-align: center;\">0<\/td>\n<\/tr>\n<tr>\n<td height=\"19\">LIPANJ<\/td>\n<td style=\"text-align: center;\">22<\/td>\n<td style=\"text-align: center;\">19<\/td>\n<td style=\"text-align: center;\">3<\/td>\n<td style=\"text-align: center;\">176<\/td>\n<td style=\"text-align: center;\">152<\/td>\n<td style=\"text-align: center;\">24<\/td>\n<\/tr>\n<tr>\n<td height=\"19\">SRPANJ<\/td>\n<td style=\"text-align: center;\">22<\/td>\n<td style=\"text-align: center;\">22<\/td>\n<td style=\"text-align: center;\">0<\/td>\n<td style=\"text-align: center;\">176<\/td>\n<td style=\"text-align: center;\">176<\/td>\n<td style=\"text-align: center;\">0<\/td>\n<\/tr>\n<tr>\n<td height=\"19\">KOLOVOZ<\/td>\n<td style=\"text-align: center;\">22<\/td>\n<td style=\"text-align: center;\">21<\/td>\n<td style=\"text-align: center;\">1<\/td>\n<td style=\"text-align: center;\">176<\/td>\n<td style=\"text-align: center;\">168<\/td>\n<td style=\"text-align: center;\">8<\/td>\n<\/tr>\n<tr>\n<td height=\"19\">RUJAN<\/td>\n<td style=\"text-align: center;\">22<\/td>\n<td style=\"text-align: center;\">22<\/td>\n<td style=\"text-align: center;\">0<\/td>\n<td style=\"text-align: center;\">176<\/td>\n<td style=\"text-align: center;\">176<\/td>\n<td style=\"text-align: center;\">0<\/td>\n<\/tr>\n<tr>\n<td height=\"19\">LISTOPAD<\/td>\n<td style=\"text-align: center;\">21<\/td>\n<td style=\"text-align: center;\">20<\/td>\n<td style=\"text-align: center;\">1<\/td>\n<td style=\"text-align: center;\">168<\/td>\n<td style=\"text-align: center;\">160<\/td>\n<td style=\"text-align: center;\">8<\/td>\n<\/tr>\n<tr>\n<td height=\"19\">STUDENI<\/td>\n<td style=\"text-align: center;\">22<\/td>\n<td style=\"text-align: center;\">21<\/td>\n<td style=\"text-align: center;\">1<\/td>\n<td style=\"text-align: center;\">176<\/td>\n<td style=\"text-align: center;\">168<\/td>\n<td style=\"text-align: center;\">8<\/td>\n<\/tr>\n<tr>\n<td height=\"19\">PROSINAC<\/td>\n<td style=\"text-align: center;\">23<\/td>\n<td style=\"text-align: center;\">23<\/td>\n<td style=\"text-align: center;\">0<\/td>\n<td style=\"text-align: center;\">184<\/td>\n<td style=\"text-align: center;\">184<\/td>\n<td style=\"text-align: center;\">0<\/td>\n<\/tr>\n<tr>\n<td style=\"text-align: left;\" height=\"19\"><strong>\u00a0Ukupno<\/strong><\/td>\n<td style=\"text-align: center;\"><strong>\u00a0261<\/strong><\/td>\n<td style=\"text-align: center;\"><strong>\u00a0252<\/strong><\/td>\n<td style=\"text-align: center;\"><strong>\u00a09<\/strong><\/td>\n<td style=\"text-align: center;\"><strong>2088<\/strong><\/td>\n<td style=\"text-align: center;\"><strong>2016<\/strong><\/td>\n<td style=\"text-align: center;\"><strong>72<\/strong><\/td>\n<\/tr>\n<\/tbody>\n<\/table>\n<p><\/center><\/p>\n","protected":false},"excerpt":{"rendered":"<p>ZA 40-SATNI RADNI TJEDAN 2010. BROJ DANA BROJ RADNIH DANA BROJ DANA PRAZNIKA MJESE\u010cNI FOND SATI BROJ RADNIH SATI BROJ SATI PRAZNIKA SIJE\u010cANJ 21 19 2 168 152 16 VELJA\u010cA 20 20 0 160 160 0 O\u017dUJAK 23 23 0 184 184 0 TRAVANJ 22 21 1 176 168 8 SVIBANJ 21 21 0 168 [&hellip;]<\/p>\n","protected":false},"author":1501,"featured_media":0,"parent":0,"menu_order":10,"comment_status":"closed","ping_status":"open","template":"","meta":{"pmpro_default_level":"","footnotes":""},"class_list":["post-386","page","type-page","status-publish","hentry","pmpro-has-access"],"aioseo_notices":[],"_links":{"self":[{"href":"https:\/\/www.obracun-placa.com\/index.php\/wp-json\/wp\/v2\/pages\/386","targetHints":{"allow":["GET"]}}],"collection":[{"href":"https:\/\/www.obracun-placa.com\/index.php\/wp-json\/wp\/v2\/pages"}],"about":[{"href":"https:\/\/www.obracun-placa.com\/index.php\/wp-json\/wp\/v2\/types\/page"}],"author":[{"embeddable":true,"href":"https:\/\/www.obracun-placa.com\/index.php\/wp-json\/wp\/v2\/users\/1501"}],"replies":[{"embeddable":true,"href":"https:\/\/www.obracun-placa.com\/index.php\/wp-json\/wp\/v2\/comments?post=386"}],"version-history":[{"count":0,"href":"https:\/\/www.obracun-placa.com\/index.php\/wp-json\/wp\/v2\/pages\/386\/revisions"}],"wp:attachment":[{"href":"https:\/\/www.obracun-placa.com\/index.php\/wp-json\/wp\/v2\/media?parent=386"}],"curies":[{"name":"wp","href":"https:\/\/api.w.org\/{rel}","templated":true}]}}