{"id":2435,"date":"2011-07-22T15:49:38","date_gmt":"2011-07-22T13:49:38","guid":{"rendered":"http:\/\/www.obracun-placa.com\/?page_id=2435"},"modified":"2012-05-29T23:28:28","modified_gmt":"2012-05-29T21:28:28","slug":"drzavni-praznici-u-2012-godini","status":"publish","type":"page","link":"https:\/\/www.obracun-placa.com\/index.php\/drzavni-praznici-u-2012-godini\/","title":{"rendered":"Dr\u017eavni praznici u 2012. godini"},"content":{"rendered":"<p><strong>01.01.2012. <\/strong>Nova Godina (nedjelja)<br \/>\n<strong>06.01.2012.<\/strong> Sveta tri kralja (petak)<br \/>\n<strong>08.04.2012.<\/strong> Uskrs (nedjelja)<br \/>\n<strong>09.04.2012.<\/strong> Uskrsni ponedjeljak (ponedjeljak)<br \/>\n<strong>01.05.2012.<\/strong> Praznik rada (utorak)<br \/>\n<strong>07.06.2012.<\/strong> Tijelovo (\u010detvrtak)<br \/>\n<strong>22.06.2012.<\/strong> Dan antifa\u0161isti\u010dke borbe (petak)<br \/>\n<strong>25.06.2012.<\/strong> Dan dr\u017eavnosti (ponedjeljak)<br \/>\n<strong>05.08.2012.<\/strong> Dan pobjede i domovinske zahvalnosti (nedjelja)<br \/>\n<strong>15.08.2012.<\/strong> Velika Gospa (srijeda)<br \/>\n<strong>08.10.2012.<\/strong> Dan neovisnosti (ponedjeljak)<br \/>\n<strong>01.11.2012.<\/strong> Svi sveti (\u010detvrtak)<br \/>\n<strong>25.12.2012.<\/strong> Bo\u017ei\u0107 (utorak)<br \/>\n<strong>26.12.2012<\/strong> Sveti Stjepan (srijeda)<\/p>\n<p style=\"text-align: left;\">[wp_ad_camp_2]<\/p>\n<p>&nbsp;<\/p>\n<p>&nbsp;<\/p>\n","protected":false},"excerpt":{"rendered":"<p>01.01.2012. Nova Godina (nedjelja) 06.01.2012. Sveta tri kralja (petak) 08.04.2012. Uskrs (nedjelja) 09.04.2012. Uskrsni ponedjeljak (ponedjeljak) 01.05.2012. Praznik rada (utorak) 07.06.2012. Tijelovo (\u010detvrtak) 22.06.2012. Dan antifa\u0161isti\u010dke borbe (petak) 25.06.2012. Dan dr\u017eavnosti (ponedjeljak) 05.08.2012. Dan pobjede i domovinske zahvalnosti (nedjelja) 15.08.2012. Velika Gospa (srijeda) 08.10.2012. Dan neovisnosti (ponedjeljak) 01.11.2012. Svi sveti (\u010detvrtak) 25.12.2012. Bo\u017ei\u0107 (utorak) 26.12.2012 [&hellip;]<\/p>\n","protected":false},"author":1501,"featured_media":0,"parent":0,"menu_order":0,"comment_status":"closed","ping_status":"closed","template":"","meta":{"pmpro_default_level":"","footnotes":""},"class_list":["post-2435","page","type-page","status-publish","hentry","pmpro-has-access"],"aioseo_notices":[],"_links":{"self":[{"href":"https:\/\/www.obracun-placa.com\/index.php\/wp-json\/wp\/v2\/pages\/2435","targetHints":{"allow":["GET"]}}],"collection":[{"href":"https:\/\/www.obracun-placa.com\/index.php\/wp-json\/wp\/v2\/pages"}],"about":[{"href":"https:\/\/www.obracun-placa.com\/index.php\/wp-json\/wp\/v2\/types\/page"}],"author":[{"embeddable":true,"href":"https:\/\/www.obracun-placa.com\/index.php\/wp-json\/wp\/v2\/users\/1501"}],"replies":[{"embeddable":true,"href":"https:\/\/www.obracun-placa.com\/index.php\/wp-json\/wp\/v2\/comments?post=2435"}],"version-history":[{"count":0,"href":"https:\/\/www.obracun-placa.com\/index.php\/wp-json\/wp\/v2\/pages\/2435\/revisions"}],"wp:attachment":[{"href":"https:\/\/www.obracun-placa.com\/index.php\/wp-json\/wp\/v2\/media?parent=2435"}],"curies":[{"name":"wp","href":"https:\/\/api.w.org\/{rel}","templated":true}]}}