{"id":2333,"date":"2015-07-01T12:05:26","date_gmt":"2015-07-01T10:05:26","guid":{"rendered":"http:\/\/www.obracun-placa.com\/?page_id=2333"},"modified":"2025-10-15T13:00:11","modified_gmt":"2025-10-15T11:00:11","slug":"obracun-place-2","status":"publish","type":"page","link":"https:\/\/www.obracun-placa.com\/index.php\/obracun-place-2\/","title":{"rendered":"OBRA\u010cUN PLA\u0106E"},"content":{"rendered":"<table style=\"width: 510px;\" border=\"0\" cellspacing=\"0\">\n<tbody>\n<tr>\n<td style=\"border-radius: 20px; border-color: #ffa500; width: 200px; text-align: left; vertical-align: top;\">&nbsp;<\/p>\n<p style=\"padding-left: 30px; text-align: justify;\"><span style=\"font-family: arial, helvetica, sans-serif; font-size: 10pt; color: #333333;\">Usluga obra\u010duna pla\u0107e. Mi smo specijalizirani pru\u017eatelj usluga obra\u010duna pla\u0107a i drugog dohotka. Preuzimamo kompletnu brigu o obra\u010dunu pla\u0107a na\u0161ih korisnika. Implementacija i provo\u0111enje zakonskih odredbi i internih akata korisnika (pravilnici o radu, kolektivni ugovori) na\u0161a su obaveza i odgovornost. Uvo\u0111enje i pokretanje usluge ra\u010dunalne obrade pla\u0107a provodimo u kratkom roku i za korisnika potpuno bezbolno. Uslugu mo\u017eemo pokrenuti i aktivirati tijekom cijele poslovne godine (nije nu\u017eno krenuti 1.1.) pri \u010demu u svojem sustavu osiguravamo izvje\u0161taje i obra\u010dune (porezi, doprinosi) na razini cijele godine! Sjedi\u0161te poduze\u0107a korisnika na\u0161ih usluga koje je udaljeno od na\u0161eg sjedi\u0161ta (Zagreb) nije prepreka za pru\u017eanje usluge. Uslugu obra\u010duna pla\u0107a uspje\u0161no pru\u017eamo za poslovne subjekte na cijelom teritoriju RH. Iskustvo, znanje i tehnologija koju koristimo jam\u010de profesionalnu uslugu visoke kvalitete!<\/span><\/p>\n<\/td>\n<\/tr>\n<\/tbody>\n<\/table>\n<table border=\"0\" cellspacing=\"0\">\n<tbody>\n<tr>\n<td style=\"border-radius: 20px; border-color: #ffa500; width: 220px; text-align: left; vertical-align: top;\">\n<p style=\"padding-left: 30px;\"><span style=\"font-family: arial, helvetica, sans-serif; font-size: 12pt; color: #000000;\"><strong><i>Proces uvo\u0111enja usluge<\/i><\/strong><\/span><\/p>\n<p style=\"padding-left: 30px; text-align: justify;\"><span style=\"font-family: arial, helvetica, sans-serif; font-size: 10pt; color: #333333;\">U malim poduze\u0107ima (do 20 zaposlenih) uslugu ra\u010dunalne obrade obra\u010duna pla\u0107a pokre\u0107emo u roku od nekoliko radnih dana. Za poduze\u0107a srednje veli\u010dine (do stotinjak radnika) \u00a0proces uvo\u0111enja usluge traje od dva do \u010detiri tjedna. U velikim poduze\u0107ima sa nekoliko stotina zaposlenih proces uvo\u0111enja usluge traje od jednog do tri mjeseca.\u00a0U procesu pokretanja usluge nastoji se izbje\u0107i ru\u010dni unos podataka i ako je mogu\u0107e podaci se migriraju u elektronskom obliku. Nakon prijenosa (migracije) podataka provodi se pode\u0161avanje parametara modela izra\u010duna i pristupa provo\u0111enju jednog ili vi\u0161e testnih obra\u010duna pla\u0107a. U procesu testiranja model izra\u010duna pla\u0107a se dodatno, fino,\u00a0uskla\u0111uje sa potrebama korisnika. Uz to provodi se detaljna provjera uskla\u0111enosti prenesenih podataka i rezultata obra\u010duna pla\u0107e. Potpuna uskla\u0111enost testnih obra\u010duna sa modelom obra\u010duna korisnika je pretpostavka za produkcijsko pokretanje usluge ra\u010dunalne obrade obra\u010duna pla\u0107a. \u00a0<img loading=\"lazy\" decoding=\"async\" class=\"alignleft size-full wp-image-9935\" src=\"https:\/\/www.obracun-placa.com\/wp-content\/uploads\/outsourcing4.jpg\" alt=\"outsourcing4\" width=\"210\" height=\"160\" \/><\/span><\/p>\n<\/td>\n<td style=\"border-radius: 20px; border-color: #ffa500; text-align: left; vertical-align: top;\"><a href=\" \"><img loading=\"lazy\" decoding=\"async\" class=\"wp-image-9981 aligncenter\" src=\"https:\/\/www.obracun-placa.com\/wp-content\/uploads\/outsourcing16.jpg\" alt=\"outsourcing16\" width=\"218\" height=\"167\" \/><\/a><\/p>\n<p>&nbsp;<\/p>\n<p style=\"padding-left: 30px;\"><span style=\"font-family: arial, helvetica, sans-serif; font-size: 12pt;\"><strong><em>Pru\u017eanje usluge<\/em><\/strong><\/span><\/p>\n<p style=\"text-align: justify; padding-left: 30px;\"><span style=\"font-family: arial, helvetica, sans-serif; color: #333333; font-size: 10pt;\">Pru\u017eamo kompletnu uslugu obra\u010duna pla\u0107a koja uklju\u010duje obra\u010dune svih vrsta primanja za sve vrste radnih statusa koji se, kod korisnika, mogu pojaviti u teku\u0107em mjesecu ili periodi\u010dno. Za svaku provedenu ra\u010dunalnu obradu obra\u010duna pla\u0107a, korisniku usluge, isporu\u010duju se propisani izvje\u0161taji i set elektronskih datoteka potrebnih za provedbu isplate pla\u0107a (SEPA datoteke, JOPPD). Provodimo predaju JOPPD obrazaca te upload SEPA datoteka na elektronsko bankarstvo poslovne banke korisnika (ukoliko imamo punomo\u0107 za to). Kreirati \u0107emo i u zakonski propisanim rokovima predavati sve zakonski propisane izvje\u0161taje. Cijena za uslugu obra\u010duna pla\u0107a se ugovorno definira na razini obra\u010dun\/radnik i koli\u010dina razli\u010ditih primanja i\/ili izvje\u0161taja koje isporu\u010dujemo ne mijena ugovorenu cijenu. Opisani princip osigurava transparentan i fiksan tro\u0161ak na\u0161e usluge (po radniku). Primjenjujemo standardizirane i visoko automatizirane procese <\/span><span style=\"font-family: arial, helvetica, sans-serif; color: #333333; font-size: 10pt;\">ra\u010dunalne obrade obra\u010duna pla\u0107a. Servis za obra\u010dun pla\u0107a osigurava punu stabilnost i sigurnost kriti\u010dnog poslovnog procesa obra\u010duna pla\u0107a! \u00a0<\/span><\/p>\n<p style=\"text-align: justify; padding-left: 30px;\"><span style=\"font-family: arial, helvetica, sans-serif;\"><strong><em><span style=\"font-size: 12pt;\"><span style=\"color: #000000;\">Tajnost i sigurnost podataka<\/span><\/span><\/em><\/strong><\/span><\/p>\n<p style=\"padding-left: 30px; text-align: justify;\"><span style=\"font-family: arial, helvetica, sans-serif; font-size: 10pt; color: #333333;\">Servis za obra\u010dun pla\u0107a veliku pa\u017enju posve\u0107uje o\u010duvanju sigurnosti i tajnosti osobnih podataka. Primjenjujemo procese, procedure i tehnolo\u0161ka rje\u0161enja koja osiguravaju visoku razinu sigurnosti osobnih i financijskih podataka na\u0161ih korisnika usluge obra\u010duna pla\u0107a.<\/span><\/p>\n<\/td>\n<\/tr>\n<\/tbody>\n<\/table>\n<p><script type=\"application\/ld+json\">\/\/ <![CDATA[ { \"@context\": \"https:\/\/www.schema.org\", \"@type\": \"product\", \"brand\": \"Servis za obra\u010dun pla\u0107a\", \"name\": \"Usluga obra\u010duna pla\u0107e\", \"image\": \"https:\/\/www.obracun-placa.com\/wp-content\/uploads\/cropped-cropped-Oktaedar_svijetla-podloga_rgb-0121.jpg\", \"description\": \"Obra\u010dun pla\u0107e za tvrtke. Profesionalna usluga vanjskog obra\u010duna pla\u0107a (outsourcing). Pokrivamo cijeli teritorij RH.\" } \/\/ ]]><\/script><\/p>\n","protected":false},"excerpt":{"rendered":"<p>&nbsp; Usluga obra\u010duna pla\u0107e. Mi smo specijalizirani pru\u017eatelj usluga obra\u010duna pla\u0107a i drugog dohotka. Preuzimamo kompletnu brigu o obra\u010dunu pla\u0107a na\u0161ih korisnika. Implementacija i provo\u0111enje zakonskih odredbi i internih akata korisnika (pravilnici o radu, kolektivni ugovori) na\u0161a su obaveza i odgovornost. Uvo\u0111enje i pokretanje usluge ra\u010dunalne obrade pla\u0107a provodimo u kratkom roku i za korisnika [&hellip;]<\/p>\n","protected":false},"author":1501,"featured_media":0,"parent":0,"menu_order":2,"comment_status":"closed","ping_status":"closed","template":"","meta":{"pmpro_default_level":"","footnotes":""},"class_list":["post-2333","page","type-page","status-publish","hentry","pmpro-has-access"],"aioseo_notices":[],"_links":{"self":[{"href":"https:\/\/www.obracun-placa.com\/index.php\/wp-json\/wp\/v2\/pages\/2333","targetHints":{"allow":["GET"]}}],"collection":[{"href":"https:\/\/www.obracun-placa.com\/index.php\/wp-json\/wp\/v2\/pages"}],"about":[{"href":"https:\/\/www.obracun-placa.com\/index.php\/wp-json\/wp\/v2\/types\/page"}],"author":[{"embeddable":true,"href":"https:\/\/www.obracun-placa.com\/index.php\/wp-json\/wp\/v2\/users\/1501"}],"replies":[{"embeddable":true,"href":"https:\/\/www.obracun-placa.com\/index.php\/wp-json\/wp\/v2\/comments?post=2333"}],"version-history":[{"count":7,"href":"https:\/\/www.obracun-placa.com\/index.php\/wp-json\/wp\/v2\/pages\/2333\/revisions"}],"predecessor-version":[{"id":21669,"href":"https:\/\/www.obracun-placa.com\/index.php\/wp-json\/wp\/v2\/pages\/2333\/revisions\/21669"}],"wp:attachment":[{"href":"https:\/\/www.obracun-placa.com\/index.php\/wp-json\/wp\/v2\/media?parent=2333"}],"curies":[{"name":"wp","href":"https:\/\/api.w.org\/{rel}","templated":true}]}}