{"id":1342,"date":"2011-01-05T14:28:49","date_gmt":"2011-01-05T13:28:49","guid":{"rendered":"http:\/\/www.obracun-placa.com\/index.php\/"},"modified":"2017-01-23T15:58:16","modified_gmt":"2017-01-23T14:58:16","slug":"prijava-poreza-na-dohodak-za-neznalice-upute-za-prikupljanje-dokumentacije-i-popunjavanje-obrasca-doh","status":"publish","type":"page","link":"https:\/\/www.obracun-placa.com\/index.php\/prijava-poreza-na-dohodak-za-neznalice-upute-za-prikupljanje-dokumentacije-i-popunjavanje-obrasca-doh\/","title":{"rendered":"Prijava poreza na dohodak za porezne laike &#8211; upute za prikupljanje dokumentacije i popunjavanje obrasca DOH"},"content":{"rendered":"<p style=\"text-align: center;\"><span style=\"font-family: arial, helvetica, sans-serif; color: #ff0000;\">Sadr\u017eaj koji obra\u0111uje predaju porezne prijave za 2016. godinu u 2017. godine je u pripremi!<\/span><\/p>\n<div><span style=\"font-family: arial, helvetica, sans-serif;\">Na internetu postoji veliki broj sadr\u017eaja koji obra\u0111uju\u00a0proceduru prijave poreza na dohodak. Na ovoj stranici se nalazi zbirka linkova prema tekstovima koji detaljno obja\u0161njavaju zakonsku regulativu vezanu uz porez na dohodak i na\u010din popunjavanja i predaje obrasca DOH. Ponu\u0111eni sadr\u017eaji odgovoriti \u0107e na brojna pitanja i nedoumice koje je javljaju kada je u pitanju prijava poreza na dohodak:<\/span><\/div>\n<ul>\n<li><span style=\"font-family: arial, helvetica, sans-serif;\"><span style=\"color: #ffa900;\"><a href=\"http:\/\/www.porezna-uprava.hr\/hr_propisi\/_layouts\/in2.vuk.sp.propisi.intranet\/propisi.aspx#id=pro6\" target=\"_blank\" rel=\"nofollow\"><span style=\"color: #ffa900;\">Da li ste obavezni podnijeti prijavu porezan na dohodak (to\u010dka 3.2 pravilnika)?<\/span><\/a><\/span><\/span><\/li>\n<li><span style=\"font-family: arial, helvetica, sans-serif;\">Da li Vam se isplati podnijeti prijavu ukoliko niste u zakonskoj obavezi prijave poreza na dohodak?<\/span><\/li>\n<li><span style=\"font-family: arial, helvetica, sans-serif;\">Kako izra\u010dunati obavezu poreza na dohodak?<\/span><\/li>\n<li><span style=\"font-family: arial, helvetica, sans-serif;\">Koje porezne olak\u0161ice i u kojem iznosu mo\u017eete koristiti?<\/span><\/li>\n<li><span style=\"font-family: arial, helvetica, sans-serif;\">Koja dokumentacija Vam je potrebna za prijavu poreza na dohodak?<\/span><\/li>\n<li><span style=\"font-family: arial, helvetica, sans-serif;\"><a href=\"https:\/\/www.obracun-placa.com\/index.php\/obrazac-doh\"><span style=\"color: #ffa900;\">Gdje prona\u0107i i\u00a0u kakvoj\u00a0formi ispunjavati obrazac DOH (Excel, PDF)?<\/span><\/a><\/span><\/li>\n<li><span style=\"font-family: arial, helvetica, sans-serif;\"><a href=\"#popunjavanje\"><span style=\"color: #ffa900;\">Kako ispuniti obrazac DOH<\/span><\/a>?<\/span><\/li>\n<li><span style=\"font-family: arial, helvetica, sans-serif;\">Na koji na\u010din i gdje mo\u017eete predati obrazac DOH?<\/span><\/li>\n<\/ul>\n<p><span style=\"color: #000000; font-family: arial, helvetica, sans-serif;\"><strong><span style=\"text-decoration: underline;\"><a name=\"popunjavanje\"><\/a>Popunjavanje obrasca DOH<\/span><\/strong><\/span><\/p>\n<ul>\n<li style=\"text-align: left;\"><span style=\"font-size: 10pt; font-family: arial, helvetica, sans-serif;\"><a href=\"http:\/\/www.porezna-uprava.hr\/HR_publikacije\/Lists\/mislenje33\/Display.aspx?ID=19198&amp;Source=http%3a\/\/www.porezna-uprava.hr\/HR_publikacije\/Lists\/mislenje33\/Sva%2520miljenja.aspx?GroupString%3D%253B%2523Porez%2520na%2520dohodak%253B%2523%26IsGroupRender%3DTRUE&amp;ContentTypeId=0x0100EC713B67E7E91E4CB070B8F49D6747B1\" target=\"_blank\"><span style=\"color: #ffa900;\">Uputa o sastavljanju i podno\u0161enju Prijave poreza na dohodak za 2014. godinu<\/span><\/a><\/span><\/li>\n<\/ul>\n<p><span style=\"text-decoration: underline; color: #000000; font-family: arial, helvetica, sans-serif;\"><strong>Obrazac DOH za 2014. (prijava u 2015.):<\/strong><\/span><\/p>\n<p>&nbsp;<\/p>\n<ul>\n<li><span style=\"font-family: arial, helvetica, sans-serif;\"><a href=\"http:\/\/www.rrif.hr\/dok\/preuzimanje\/Obrazac-DOH2014-RRiF-3.xls\" target=\"_blank\" rel=\"nofollow\"><span style=\"font-size: 14pt;\"><strong><span style=\"color: #ffa900;\">Obrazac DOH za 2014. godinu (XLS)<\/span><\/strong><\/span><\/a>\u00a0<span style=\"font-size: xx-small;\">(izvor: www.rrif.hr)<\/span><\/span><\/li>\n<\/ul>\n<ul>\n<li><span style=\"font-family: arial, helvetica, sans-serif; font-size: 12pt;\"><strong><span style=\"color: #ffa900;\"><a href=\"http:\/\/www.porezna-uprava.hr\/HR_publikacije\/Lists\/mislenje33\/Display.aspx?ID=19198&amp;Source=http%3a\/\/www.porezna-uprava.hr\/HR_publikacije\/Lists\/mislenje33\/Sva%2520miljenja.aspx?GroupString%3D%253B%2523Porez%2520na%2520dohodak%253B%2523%26IsGroupRender%3DTRUE&amp;ContentTypeId=0x0100EC713B67E7E91E4CB070B8F49D6747B1\" target=\"_blank\">Uputa o sastavljanju i podno\u0161enju Prijave poreza na dohodak za 2014. godinu<\/a><\/span><\/strong><\/span><\/li>\n<\/ul>\n<ul>\n<li><span style=\"font-family: arial, helvetica, sans-serif;\"><strong><a href=\"http:\/\/www.porezna-uprava.hr\/HR_obrasci\/Documents\/POREZ%20NA%20DOHODAK\/DOH.pdf\" target=\"_blank\" rel=\"nofollow\"><span style=\"color: #ffa900;\">Obrazac DOH za 2014. godinu (PDF)<\/span><\/a><\/strong><\/span><\/li>\n<\/ul>\n<p>&nbsp;<\/p>\n","protected":false},"excerpt":{"rendered":"<p>Sadr\u017eaj koji obra\u0111uje predaju porezne prijave za 2016. godinu u 2017. godine je u pripremi! Na internetu postoji veliki broj sadr\u017eaja koji obra\u0111uju\u00a0proceduru prijave poreza na dohodak. Na ovoj stranici se nalazi zbirka linkova prema tekstovima koji detaljno obja\u0161njavaju zakonsku regulativu vezanu uz porez na dohodak i na\u010din popunjavanja i predaje obrasca DOH. Ponu\u0111eni sadr\u017eaji [&hellip;]<\/p>\n","protected":false},"author":1501,"featured_media":0,"parent":0,"menu_order":0,"comment_status":"closed","ping_status":"open","template":"","meta":{"pmpro_default_level":"","footnotes":""},"class_list":["post-1342","page","type-page","status-publish","hentry","pmpro-has-access"],"aioseo_notices":[],"_links":{"self":[{"href":"https:\/\/www.obracun-placa.com\/index.php\/wp-json\/wp\/v2\/pages\/1342","targetHints":{"allow":["GET"]}}],"collection":[{"href":"https:\/\/www.obracun-placa.com\/index.php\/wp-json\/wp\/v2\/pages"}],"about":[{"href":"https:\/\/www.obracun-placa.com\/index.php\/wp-json\/wp\/v2\/types\/page"}],"author":[{"embeddable":true,"href":"https:\/\/www.obracun-placa.com\/index.php\/wp-json\/wp\/v2\/users\/1501"}],"replies":[{"embeddable":true,"href":"https:\/\/www.obracun-placa.com\/index.php\/wp-json\/wp\/v2\/comments?post=1342"}],"version-history":[{"count":0,"href":"https:\/\/www.obracun-placa.com\/index.php\/wp-json\/wp\/v2\/pages\/1342\/revisions"}],"wp:attachment":[{"href":"https:\/\/www.obracun-placa.com\/index.php\/wp-json\/wp\/v2\/media?parent=1342"}],"curies":[{"name":"wp","href":"https:\/\/api.w.org\/{rel}","templated":true}]}}