{"id":12380,"date":"2015-04-12T21:03:41","date_gmt":"2015-04-12T19:03:41","guid":{"rendered":"http:\/\/www.obracun-placa.com\/?page_id=12380"},"modified":"2021-10-28T14:56:45","modified_gmt":"2021-10-28T12:56:45","slug":"fond-sati-sati-rada-2021","status":"publish","type":"page","link":"https:\/\/www.obracun-placa.com\/index.php\/fond-sati-sati-rada-2021\/","title":{"rendered":"Fond sati 2021. (Sati rada za 2021. godinu)"},"content":{"rendered":"<p>&nbsp;<\/p>\n<p style=\"text-align: center;\"><span style=\"color: #333333; font-family: arial, helvetica, sans-serif;\"><strong><strong>ZA 40-SATNI RADNI TJEDAN<br \/>\n<\/strong><\/strong><\/span><\/p>\n<p style=\"text-align: center;\">\n<table class=\" aligncenter\" style=\"height: 412px; width: 450px; border: 0px solid #000000;\" border=\"0\" cellspacing=\"0\" cellpadding=\"0\">\n<thead>\n<tr style=\"background-color: #696969;\" align=\"center\">\n<td style=\"background-color: #696969; border: 1px solid #000000; width: 20.6593%;\"><span style=\"font-family: arial, helvetica, sans-serif;\"><strong><span style=\"color: #ffffff;\">2021.<\/span><\/strong><\/span><\/td>\n<td style=\"background-color: #696969; border: 1px solid #000000; width: 11.8681%;\"><span style=\"font-family: arial, helvetica, sans-serif;\"><strong><span style=\"color: #ffffff;\">BROJ DANA<\/span><\/strong><\/span><\/td>\n<td style=\"background-color: #696969; border: 1px solid #000000; width: 16.7033%;\"><span style=\"font-family: arial, helvetica, sans-serif;\"><strong><span style=\"color: #ffffff;\">BROJ RADNIH DANA<\/span><\/strong><\/span><\/td>\n<td style=\"background-color: #696969; border: 1px solid #000000; width: 20.8791%;\"><span style=\"font-family: arial, helvetica, sans-serif;\"><strong><span style=\"color: #ffffff;\">BROJ DANA PRAZNIKA<\/span><\/strong><\/span><\/td>\n<td style=\"background-color: #696969; border: 1px solid #000000; width: 20.6593%;\"><span style=\"font-family: arial, helvetica, sans-serif;\"><strong><span style=\"color: #ffffff;\">MJESE\u010cNI FOND SATI<\/span><\/strong><\/span><\/td>\n<td style=\"background-color: #696969; border: 1px solid #000000; width: 16.7033%;\"><span style=\"font-family: arial, helvetica, sans-serif;\"><strong><span style=\"color: #ffffff;\">BROJ RADNIH SATI<\/span><\/strong><\/span><\/td>\n<td style=\"background-color: #696969; border: 1px solid #000000; width: 20.8791%;\"><span style=\"font-family: arial, helvetica, sans-serif;\"><strong><span style=\"color: #ffffff;\">BROJ SATI PRAZNIKA<\/span><\/strong><\/span><\/td>\n<\/tr>\n<\/thead>\n<colgroup span=\"1\">\n<col span=\"1\" width=\"83\" \/>\n<col span=\"1\" width=\"85\" \/>\n<col span=\"1\" width=\"62\" \/>\n<col span=\"2\" width=\"75\" \/>\n<col span=\"1\" width=\"66\" \/>\n<col span=\"1\" width=\"74\" \/> <\/colgroup>\n<tbody>\n<tr>\n<td style=\"border: 1px solid #000000; text-align: center; background-color: #ffffff; width: 20.6593%;\"><span style=\"font-family: arial, helvetica, sans-serif;\"><strong><span style=\"color: #000000; background-color: #ffffff;\">SIJE\u010cANJ<\/span><\/strong><\/span><\/td>\n<td style=\"border: 1px solid #000000; background-color: #ffffff; text-align: center; width: 11.8681%;\"><span style=\"font-family: arial, helvetica, sans-serif;\"><strong>21<\/strong><\/span><\/td>\n<td style=\"border: 1px solid #000000; background-color: #ffffff; text-align: center; width: 16.7033%;\"><span style=\"font-family: arial, helvetica, sans-serif;\"><strong>19<\/strong><\/span><\/td>\n<td style=\"border: 1px solid #000000; background-color: #ffffff; text-align: center; width: 20.8791%;\"><span style=\"font-family: arial, helvetica, sans-serif;\"><strong>2<\/strong><\/span><\/td>\n<td style=\"border: 1px solid #000000; text-align: center; background-color: #ffffff; width: 20.6593%;\"><span style=\"font-family: arial, helvetica, sans-serif;\"><strong>168<\/strong><\/span><\/td>\n<td style=\"border: 1px solid #000000; text-align: center; background-color: #ffffff; width: 16.7033%;\"><span style=\"font-family: arial, helvetica, sans-serif;\"><strong>152<\/strong><\/span><\/td>\n<td style=\"border: 1px solid #000000; text-align: center; background-color: #ffffff; width: 20.8791%;\"><span style=\"font-family: arial, helvetica, sans-serif;\"><strong>16<\/strong><\/span><\/td>\n<\/tr>\n<tr>\n<td style=\"border: 1px solid #000000; text-align: center; background-color: #a9a9a9; width: 20.6593%;\"><span style=\"font-family: arial, helvetica, sans-serif;\"><strong><span style=\"color: #ffffff;\">VELJA\u010cA<\/span><\/strong><\/span><\/td>\n<td style=\"border: 1px solid #000000; background-color: #a9a9a9; text-align: center; width: 11.8681%;\"><span style=\"font-family: arial, helvetica, sans-serif;\"><strong>20<\/strong><\/span><\/td>\n<td style=\"border: 1px solid #000000; background-color: #a9a9a9; text-align: center; width: 16.7033%;\"><span style=\"font-family: arial, helvetica, sans-serif;\"><strong>20<\/strong><\/span><\/td>\n<td style=\"border: 1px solid #000000; background-color: #a9a9a9; text-align: center; width: 20.8791%;\"><span style=\"font-family: arial, helvetica, sans-serif;\"><strong>0<\/strong><\/span><\/td>\n<td style=\"border: 1px solid #000000; text-align: center; background-color: #a9a9a9; width: 20.6593%;\"><span style=\"font-family: arial, helvetica, sans-serif;\"><strong>160<\/strong><\/span><\/td>\n<td style=\"border: 1px solid #000000; text-align: center; background-color: #a9a9a9; width: 16.7033%;\"><span style=\"font-family: arial, helvetica, sans-serif;\"><strong>160<\/strong><\/span><\/td>\n<td style=\"border: 1px solid #000000; text-align: center; background-color: #a9a9a9; width: 20.8791%;\"><span style=\"font-family: arial, helvetica, sans-serif;\"><strong>0<\/strong><\/span><\/td>\n<\/tr>\n<tr>\n<td style=\"border: 1px solid #000000; text-align: center; background-color: #ffffff; width: 20.6593%;\"><span style=\"font-family: arial, helvetica, sans-serif;\"><strong><span style=\"color: #000000;\">O\u017dUJAK<\/span><\/strong><\/span><\/td>\n<td style=\"border: 1px solid #000000; background-color: #ffffff; text-align: center; width: 11.8681%;\"><span style=\"font-family: arial, helvetica, sans-serif;\"><strong>23<\/strong><\/span><\/td>\n<td style=\"border: 1px solid #000000; background-color: #ffffff; text-align: center; width: 16.7033%;\"><span style=\"font-family: arial, helvetica, sans-serif;\"><strong>23<\/strong><\/span><\/td>\n<td style=\"border: 1px solid #000000; background-color: #ffffff; text-align: center; width: 20.8791%;\"><span style=\"font-family: arial, helvetica, sans-serif;\"><strong>0<\/strong><\/span><\/td>\n<td style=\"border: 1px solid #000000; text-align: center; background-color: #ffffff; width: 20.6593%;\"><span style=\"font-family: arial, helvetica, sans-serif;\"><strong>184<\/strong><\/span><\/td>\n<td style=\"border: 1px solid #000000; text-align: center; background-color: #ffffff; width: 16.7033%;\"><span style=\"font-family: arial, helvetica, sans-serif;\"><strong>184<\/strong><\/span><\/td>\n<td style=\"border: 1px solid #000000; text-align: center; background-color: #ffffff; width: 20.8791%;\"><span style=\"font-family: arial, helvetica, sans-serif;\"><strong>0<\/strong><\/span><\/td>\n<\/tr>\n<tr>\n<td style=\"border: 1px solid #000000; text-align: center; background-color: #a9a9a9; width: 20.6593%;\"><span style=\"font-family: arial, helvetica, sans-serif;\"><strong><span style=\"color: #ffffff;\">TRAVANJ<\/span><\/strong><\/span><\/td>\n<td style=\"border: 1px solid #000000; background-color: #a9a9a9; text-align: center; width: 11.8681%;\"><span style=\"font-family: arial, helvetica, sans-serif;\"><strong>22<\/strong><\/span><\/td>\n<td style=\"border: 1px solid #000000; background-color: #a9a9a9; text-align: center; width: 16.7033%;\"><span style=\"font-family: arial, helvetica, sans-serif;\"><strong>21<\/strong><\/span><\/td>\n<td style=\"border: 1px solid #000000; background-color: #a9a9a9; text-align: center; width: 20.8791%;\"><span style=\"font-family: arial, helvetica, sans-serif;\"><strong>1<\/strong><\/span><\/td>\n<td style=\"border: 1px solid #000000; text-align: center; background-color: #a9a9a9; width: 20.6593%;\"><span style=\"font-family: arial, helvetica, sans-serif;\"><strong>176<\/strong><\/span><\/td>\n<td style=\"border: 1px solid #000000; text-align: center; background-color: #a9a9a9; width: 16.7033%;\"><span style=\"font-family: arial, helvetica, sans-serif;\"><strong>168<\/strong><\/span><\/td>\n<td style=\"border: 1px solid #000000; text-align: center; background-color: #a9a9a9; width: 20.8791%;\"><span style=\"font-family: arial, helvetica, sans-serif;\"><strong>8<\/strong><\/span><\/td>\n<\/tr>\n<tr>\n<td style=\"border: 1px solid #000000; text-align: center; background-color: #ffffff; width: 20.6593%;\"><span style=\"font-family: arial, helvetica, sans-serif;\"><strong><span style=\"color: #000000;\">SVIBANJ<\/span><\/strong><\/span><\/td>\n<td style=\"border: 1px solid #000000; background-color: #ffffff; text-align: center; width: 11.8681%;\"><span style=\"font-family: arial, helvetica, sans-serif;\"><strong>21<\/strong><\/span><\/td>\n<td style=\"border: 1px solid #000000; background-color: #ffffff; text-align: center; width: 16.7033%;\"><span style=\"font-family: arial, helvetica, sans-serif;\"><strong>21<\/strong><\/span><\/td>\n<td style=\"border: 1px solid #000000; background-color: #ffffff; text-align: center; width: 20.8791%;\"><span style=\"font-family: arial, helvetica, sans-serif;\"><strong>0<\/strong><\/span><\/td>\n<td style=\"border: 1px solid #000000; text-align: center; background-color: #ffffff; width: 20.6593%;\"><span style=\"font-family: arial, helvetica, sans-serif;\"><strong>168<\/strong><\/span><\/td>\n<td style=\"border: 1px solid #000000; text-align: center; background-color: #ffffff; width: 16.7033%;\"><span style=\"font-family: arial, helvetica, sans-serif;\"><strong>168<\/strong><\/span><\/td>\n<td style=\"border: 1px solid #000000; text-align: center; background-color: #ffffff; width: 20.8791%;\"><span style=\"font-family: arial, helvetica, sans-serif;\"><strong>0<\/strong><\/span><\/td>\n<\/tr>\n<tr>\n<td style=\"border: 1px solid #000000; text-align: center; background-color: #a9a9a9; width: 20.6593%;\"><span style=\"font-family: arial, helvetica, sans-serif;\"><strong><span style=\"color: #ffffff;\">LIPANJ<\/span><\/strong><\/span><\/td>\n<td style=\"border: 1px solid #000000; background-color: #a9a9a9; text-align: center; width: 11.8681%;\"><span style=\"font-family: arial, helvetica, sans-serif;\"><strong>22<\/strong><\/span><\/td>\n<td style=\"border: 1px solid #000000; background-color: #a9a9a9; text-align: center; width: 16.7033%;\"><span style=\"font-family: arial, helvetica, sans-serif;\"><strong>20<\/strong><\/span><\/td>\n<td style=\"border: 1px solid #000000; background-color: #a9a9a9; text-align: center; width: 20.8791%;\"><span style=\"font-family: arial, helvetica, sans-serif;\"><strong>2<\/strong><\/span><\/td>\n<td style=\"border: 1px solid #000000; text-align: center; background-color: #a9a9a9; width: 20.6593%;\"><span style=\"font-family: arial, helvetica, sans-serif;\"><strong>176<\/strong><\/span><\/td>\n<td style=\"border: 1px solid #000000; text-align: center; background-color: #a9a9a9; width: 16.7033%;\"><span style=\"font-family: arial, helvetica, sans-serif;\"><strong>160<\/strong><\/span><\/td>\n<td style=\"border: 1px solid #000000; text-align: center; background-color: #a9a9a9; width: 20.8791%;\"><span style=\"font-family: arial, helvetica, sans-serif;\"><strong>16<\/strong><\/span><\/td>\n<\/tr>\n<tr>\n<td style=\"border: 1px solid #000000; text-align: center; background-color: #ffffff; width: 20.6593%;\"><span style=\"font-family: arial, helvetica, sans-serif;\"><strong><span style=\"color: #000000;\">SRPANJ<\/span><\/strong><\/span><\/td>\n<td style=\"border: 1px solid #000000; background-color: #ffffff; text-align: center; width: 11.8681%;\"><span style=\"font-family: arial, helvetica, sans-serif;\"><strong>22<\/strong><\/span><\/td>\n<td style=\"border: 1px solid #000000; background-color: #ffffff; text-align: center; width: 16.7033%;\"><span style=\"font-family: arial, helvetica, sans-serif;\"><strong>22<\/strong><\/span><\/td>\n<td style=\"border: 1px solid #000000; background-color: #ffffff; text-align: center; width: 20.8791%;\"><span style=\"font-family: arial, helvetica, sans-serif;\"><strong>0<\/strong><\/span><\/td>\n<td style=\"border: 1px solid #000000; text-align: center; background-color: #ffffff; width: 20.6593%;\"><span style=\"font-family: arial, helvetica, sans-serif;\"><strong>176<\/strong><\/span><\/td>\n<td style=\"border: 1px solid #000000; text-align: center; background-color: #ffffff; width: 16.7033%;\"><span style=\"font-family: arial, helvetica, sans-serif;\"><strong>176<\/strong><\/span><\/td>\n<td style=\"border: 1px solid #000000; text-align: center; background-color: #ffffff; width: 20.8791%;\"><span style=\"font-family: arial, helvetica, sans-serif;\"><strong>0<\/strong><\/span><\/td>\n<\/tr>\n<tr>\n<td style=\"border: 1px solid #000000; text-align: center; background-color: #a9a9a9; width: 20.6593%;\"><span style=\"font-family: arial, helvetica, sans-serif;\"><strong><span style=\"color: #ffffff;\">KOLOVOZ<\/span><\/strong><\/span><\/td>\n<td style=\"border: 1px solid #000000; background-color: #a9a9a9; text-align: center; width: 11.8681%;\"><span style=\"font-family: arial, helvetica, sans-serif;\"><strong>22<\/strong><\/span><\/td>\n<td style=\"border: 1px solid #000000; background-color: #a9a9a9; text-align: center; width: 16.7033%;\"><span style=\"font-family: arial, helvetica, sans-serif;\"><strong>21<\/strong><\/span><\/td>\n<td style=\"border: 1px solid #000000; background-color: #a9a9a9; text-align: center; width: 20.8791%;\"><span style=\"font-family: arial, helvetica, sans-serif;\"><strong>1<\/strong><\/span><\/td>\n<td style=\"border: 1px solid #000000; text-align: center; background-color: #a9a9a9; width: 20.6593%;\"><span style=\"font-family: arial, helvetica, sans-serif;\"><strong>176<\/strong><\/span><\/td>\n<td style=\"border: 1px solid #000000; text-align: center; background-color: #a9a9a9; width: 16.7033%;\"><span style=\"font-family: arial, helvetica, sans-serif;\"><strong>168<\/strong><\/span><\/td>\n<td style=\"border: 1px solid #000000; text-align: center; background-color: #a9a9a9; width: 20.8791%;\"><span style=\"font-family: arial, helvetica, sans-serif;\"><strong>8<\/strong><\/span><\/td>\n<\/tr>\n<tr>\n<td style=\"border: 1px solid #000000; text-align: center; background-color: #ffffff; width: 20.6593%;\"><span style=\"font-family: arial, helvetica, sans-serif;\"><strong><span style=\"color: #000000;\">RUJAN<\/span><\/strong><\/span><\/td>\n<td style=\"border: 1px solid #000000; background-color: #ffffff; text-align: center; width: 11.8681%;\"><span style=\"font-family: arial, helvetica, sans-serif;\"><strong>22<\/strong><\/span><\/td>\n<td style=\"border: 1px solid #000000; background-color: #ffffff; text-align: center; width: 16.7033%;\"><span style=\"font-family: arial, helvetica, sans-serif;\"><strong>22<\/strong><\/span><\/td>\n<td style=\"border: 1px solid #000000; background-color: #ffffff; text-align: center; width: 20.8791%;\"><span style=\"font-family: arial, helvetica, sans-serif;\"><strong>0<\/strong><\/span><\/td>\n<td style=\"border: 1px solid #000000; text-align: center; background-color: #ffffff; width: 20.6593%;\"><span style=\"font-family: arial, helvetica, sans-serif;\"><strong>176<\/strong><\/span><\/td>\n<td style=\"border: 1px solid #000000; text-align: center; background-color: #ffffff; width: 16.7033%;\"><span style=\"font-family: arial, helvetica, sans-serif;\"><strong>176<\/strong><\/span><\/td>\n<td style=\"border: 1px solid #000000; text-align: center; background-color: #ffffff; width: 20.8791%;\"><span style=\"font-family: arial, helvetica, sans-serif;\"><strong>0<\/strong><\/span><\/td>\n<\/tr>\n<tr>\n<td style=\"border: 1px solid #000000; text-align: center; background-color: #a9a9a9; width: 20.6593%;\"><span style=\"font-family: arial, helvetica, sans-serif;\"><strong><span style=\"color: #ffffff;\">LISTOPAD<\/span><\/strong><\/span><\/td>\n<td style=\"border: 1px solid #000000; background-color: #a9a9a9; text-align: center; width: 11.8681%;\"><span style=\"font-family: arial, helvetica, sans-serif;\"><strong>21<\/strong><\/span><\/td>\n<td style=\"border: 1px solid #000000; background-color: #a9a9a9; text-align: center; width: 16.7033%;\"><span style=\"font-family: arial, helvetica, sans-serif;\"><strong>21<\/strong><\/span><\/td>\n<td style=\"border: 1px solid #000000; background-color: #a9a9a9; text-align: center; width: 20.8791%;\"><span style=\"font-family: arial, helvetica, sans-serif;\"><strong>0<\/strong><\/span><\/td>\n<td style=\"border: 1px solid #000000; text-align: center; background-color: #a9a9a9; width: 20.6593%;\"><span style=\"font-family: arial, helvetica, sans-serif;\"><strong>168<\/strong><\/span><\/td>\n<td style=\"border: 1px solid #000000; text-align: center; background-color: #a9a9a9; width: 16.7033%;\"><span style=\"font-family: arial, helvetica, sans-serif;\"><strong>168<\/strong><\/span><\/td>\n<td style=\"border: 1px solid #000000; text-align: center; background-color: #a9a9a9; width: 20.8791%;\"><span style=\"font-family: arial, helvetica, sans-serif;\"><strong>0<\/strong><\/span><\/td>\n<\/tr>\n<tr>\n<td style=\"border: 1px solid #000000; text-align: center; background-color: #ffffff; width: 20.6593%;\"><span style=\"font-family: arial, helvetica, sans-serif;\"><strong><span style=\"color: #000000;\">STUDENI<\/span><\/strong><\/span><\/td>\n<td style=\"border: 1px solid #000000; background-color: #ffffff; text-align: center; width: 11.8681%;\"><span style=\"font-family: arial, helvetica, sans-serif;\"><strong>22<\/strong><\/span><\/td>\n<td style=\"border: 1px solid #000000; background-color: #ffffff; text-align: center; width: 16.7033%;\"><span style=\"font-family: arial, helvetica, sans-serif;\"><strong>20<\/strong><\/span><\/td>\n<td style=\"border: 1px solid #000000; background-color: #ffffff; text-align: center; width: 20.8791%;\"><span style=\"font-family: arial, helvetica, sans-serif;\"><strong>2<\/strong><\/span><\/td>\n<td style=\"border: 1px solid #000000; text-align: center; background-color: #ffffff; width: 20.6593%;\"><span style=\"font-family: arial, helvetica, sans-serif;\"><strong>176<\/strong><\/span><\/td>\n<td style=\"border: 1px solid #000000; text-align: center; background-color: #ffffff; width: 16.7033%;\"><span style=\"font-family: arial, helvetica, sans-serif;\"><strong>160<\/strong><\/span><\/td>\n<td style=\"border: 1px solid #000000; text-align: center; background-color: #ffffff; width: 20.8791%;\"><span style=\"font-family: arial, helvetica, sans-serif;\"><strong>16<\/strong><\/span><\/td>\n<\/tr>\n<tr>\n<td style=\"border: 1px solid #000000; text-align: center; background-color: #a9a9a9; width: 20.6593%;\"><span style=\"color: #ffffff; font-family: arial, helvetica, sans-serif;\"><strong>PROSINAC<\/strong><\/span><\/td>\n<td style=\"border: 1px solid #000000; background-color: #a9a9a9; text-align: center; width: 11.8681%;\"><span style=\"font-family: arial, helvetica, sans-serif;\"><strong>23<\/strong><\/span><\/td>\n<td style=\"border: 1px solid #000000; background-color: #a9a9a9; text-align: center; width: 16.7033%;\"><span style=\"font-family: arial, helvetica, sans-serif;\"><strong>23<\/strong><\/span><\/td>\n<td style=\"border: 1px solid #000000; background-color: #a9a9a9; text-align: center; width: 20.8791%;\"><span style=\"font-family: arial, helvetica, sans-serif;\"><strong>0<\/strong><\/span><\/td>\n<td style=\"border: 1px solid #000000; text-align: center; background-color: #a9a9a9; width: 20.6593%;\"><span style=\"font-family: arial, helvetica, sans-serif;\"><strong>184<\/strong><\/span><\/td>\n<td style=\"border: 1px solid #000000; text-align: center; background-color: #a9a9a9; width: 16.7033%;\"><span style=\"font-family: arial, helvetica, sans-serif;\"><strong>184<\/strong><\/span><\/td>\n<td style=\"border: 1px solid #000000; text-align: center; background-color: #a9a9a9; width: 20.8791%;\"><span style=\"font-family: arial, helvetica, sans-serif;\"><strong>0<\/strong><\/span><\/td>\n<\/tr>\n<tr>\n<td style=\"background-color: #696969; border: 1px solid #000000; width: 20.6593%;\" align=\"center\"><span style=\"font-family: arial, helvetica, sans-serif;\"><strong><span style=\"color: #ffffff;\">UKUPNO<\/span><\/strong><\/span><\/td>\n<td style=\"border: 1px solid #000000; text-align: center; vertical-align: middle; background-color: #696969; width: 11.8681%;\" align=\"center\"><span style=\"font-family: arial, helvetica, sans-serif;\"><strong>261<\/strong><\/span><\/td>\n<td style=\"border: 1px solid #000000; text-align: center; vertical-align: middle; background-color: #696969; width: 16.7033%;\" align=\"center\"><span style=\"font-family: arial, helvetica, sans-serif;\"><strong>253<\/strong><\/span><\/td>\n<td style=\"border: 1px solid #000000; text-align: center; vertical-align: middle; background-color: #696969; width: 20.8791%;\" align=\"center\"><span style=\"font-family: arial, helvetica, sans-serif;\"><strong>8<\/strong><\/span><\/td>\n<td style=\"border: 1px solid #000000; text-align: center; vertical-align: middle; background-color: #696969; width: 20.6593%;\" align=\"center\"><span style=\"font-family: arial, helvetica, sans-serif;\"><strong>2088<\/strong><\/span><\/td>\n<td style=\"border: 1px solid #000000; text-align: center; vertical-align: middle; background-color: #696969; width: 16.7033%;\" align=\"center\"><span style=\"font-family: arial, helvetica, sans-serif;\"><strong>2024<\/strong><\/span><\/td>\n<td style=\"border: 1px solid #000000; text-align: center; vertical-align: middle; background-color: #696969; width: 20.8791%;\" align=\"center\"><span style=\"font-family: arial, helvetica, sans-serif;\"><strong>64<\/strong><\/span><\/td>\n<\/tr>\n<\/tbody>\n<\/table>\n<p style=\"text-align: center;\"><span style=\"font-family: arial, helvetica, sans-serif;\"><strong>01.01.2021.<\/strong> Nova Godina (petak)<\/span><\/p>\n<p style=\"text-align: center;\"><span style=\"font-family: arial, helvetica, sans-serif;\"><strong>06.01.2021.<\/strong> Sveta tri kralja (srijeda)<\/span><\/p>\n<p style=\"text-align: center;\"><span style=\"font-family: arial, helvetica, sans-serif;\"><strong>04.04.2021.<\/strong> Uskrs (nedjelja)<\/span><\/p>\n<p style=\"text-align: center;\"><span style=\"font-family: arial, helvetica, sans-serif;\"><strong>05.04.2021.<\/strong> Uskrsni ponedjeljak (ponedjeljak)<\/span><\/p>\n<p style=\"text-align: center;\"><span style=\"font-family: arial, helvetica, sans-serif;\"><strong>01.05.2021.<\/strong> Praznik rada (subota)<\/span><\/p>\n<p style=\"text-align: center;\"><span style=\"font-family: arial, helvetica, sans-serif;\"><strong>30.05.2021.<\/strong> Dan dr\u017eavnosti (nedelja)<\/span><\/p>\n<p style=\"text-align: center;\"><strong style=\"font-family: arial, helvetica, sans-serif;\">03.06.2021.<\/strong><span style=\"font-family: arial, helvetica, sans-serif;\"> Tijelovo (\u010detvrtak)<\/span><\/p>\n<p style=\"text-align: center;\"><strong style=\"font-family: arial, helvetica, sans-serif;\">22.06.2021.<\/strong><span style=\"font-family: arial, helvetica, sans-serif;\"> Dan antifa\u0161isti\u010dke borbe (utorak)<\/span><\/p>\n<p style=\"text-align: center;\"><strong style=\"font-family: arial, helvetica, sans-serif;\">05.08.2021.<\/strong><span style=\"font-family: arial, helvetica, sans-serif;\"> Dan pobjede i domovinske zahvalnosti (\u010detvrtak)<\/span><\/p>\n<p style=\"text-align: center;\"><strong style=\"font-family: arial, helvetica, sans-serif;\">15.08.2021. <\/strong><span style=\"font-family: arial, helvetica, sans-serif;\">Velika Gospa (nedelja)<\/span><\/p>\n<p style=\"text-align: center;\"><strong style=\"font-family: arial, helvetica, sans-serif;\">01.11.2021.<\/strong><span style=\"font-family: arial, helvetica, sans-serif;\"> Svi sveti (ponedjeljak)<\/span><\/p>\n<p style=\"text-align: center;\"><strong style=\"font-family: arial, helvetica, sans-serif;\">18.11.2021.<\/strong><span style=\"font-family: arial, helvetica, sans-serif;\"> Dan sje\u0107anja (\u010detvrtak)<\/span><\/p>\n<p style=\"text-align: center;\"><strong style=\"font-family: arial, helvetica, sans-serif;\">25.12.2021.<\/strong><span style=\"font-family: arial, helvetica, sans-serif;\"> Bo\u017ei\u0107 (subota)<\/span><\/p>\n<p style=\"text-align: center;\"><strong style=\"font-family: arial, helvetica, sans-serif;\">26.12.2021.<\/strong><span style=\"font-family: arial, helvetica, sans-serif;\"> Sveti Stjepan (nedelja)<\/span><\/p>\n","protected":false},"excerpt":{"rendered":"<p>&nbsp; ZA 40-SATNI RADNI TJEDAN 2021. BROJ DANA BROJ RADNIH DANA BROJ DANA PRAZNIKA MJESE\u010cNI FOND SATI BROJ RADNIH SATI BROJ SATI PRAZNIKA SIJE\u010cANJ 21 19 2 168 152 16 VELJA\u010cA 20 20 0 160 160 0 O\u017dUJAK 23 23 0 184 184 0 TRAVANJ 22 21 1 176 168 8 SVIBANJ 21 21 0 [&hellip;]<\/p>\n","protected":false},"author":1501,"featured_media":0,"parent":0,"menu_order":0,"comment_status":"closed","ping_status":"closed","template":"","meta":{"pmpro_default_level":"","footnotes":""},"class_list":["post-12380","page","type-page","status-publish","hentry","pmpro-has-access"],"aioseo_notices":[],"_links":{"self":[{"href":"https:\/\/www.obracun-placa.com\/index.php\/wp-json\/wp\/v2\/pages\/12380","targetHints":{"allow":["GET"]}}],"collection":[{"href":"https:\/\/www.obracun-placa.com\/index.php\/wp-json\/wp\/v2\/pages"}],"about":[{"href":"https:\/\/www.obracun-placa.com\/index.php\/wp-json\/wp\/v2\/types\/page"}],"author":[{"embeddable":true,"href":"https:\/\/www.obracun-placa.com\/index.php\/wp-json\/wp\/v2\/users\/1501"}],"replies":[{"embeddable":true,"href":"https:\/\/www.obracun-placa.com\/index.php\/wp-json\/wp\/v2\/comments?post=12380"}],"version-history":[{"count":11,"href":"https:\/\/www.obracun-placa.com\/index.php\/wp-json\/wp\/v2\/pages\/12380\/revisions"}],"predecessor-version":[{"id":19188,"href":"https:\/\/www.obracun-placa.com\/index.php\/wp-json\/wp\/v2\/pages\/12380\/revisions\/19188"}],"wp:attachment":[{"href":"https:\/\/www.obracun-placa.com\/index.php\/wp-json\/wp\/v2\/media?parent=12380"}],"curies":[{"name":"wp","href":"https:\/\/api.w.org\/{rel}","templated":true}]}}