{"id":12260,"date":"2015-04-03T09:41:27","date_gmt":"2015-04-03T07:41:27","guid":{"rendered":"http:\/\/www.obracun-placa.com\/?page_id=12260"},"modified":"2018-01-09T21:55:49","modified_gmt":"2018-01-09T20:55:49","slug":"uvodenje-usluge-obracuna-placa-tijekom-poslovne-godine","status":"publish","type":"page","link":"https:\/\/www.obracun-placa.com\/index.php\/uvodenje-usluge-obracuna-placa-tijekom-poslovne-godine\/","title":{"rendered":"POKRETANJE USLUGE OBRA\u010cUNA PLA\u0106A TIJEKOM POSLOVNE GODINE"},"content":{"rendered":"<table style=\"border-radius: 20px;\" border=\"0\" cellspacing=\"25\">\n<tbody>\n<tr>\n<td style=\"border-radius: 20px; border-color: #ffa500; width: 235px; text-align: left; vertical-align: top;\"><strong><span style=\"font-family: arial, helvetica, sans-serif; font-size: 12pt; color: #000000;\"><em>\u017delite promijeniti postoje\u0107i sustav za obra\u010dun pla\u0107a tijekom poslovne godine?<\/em><\/span><\/strong><\/p>\n<p style=\"text-align: justify;\"><span style=\"font-family: arial, helvetica, sans-serif; font-size: 10pt; color: #333333;\">Kod\u00a0ugovaranje usluga, koje \u0107e biti pokrenute tijekom godine, \u010desto nailazimo na zabrinutost korisnika vezanu uz pitanje provo\u0111enja godi\u0161njeg obra\u010duna poreza i kreiranja cjelovitih godi\u0161njih izvje\u0161taja (DNR, IP, &#8230;). Zabrinutost proizlazi iz \u010dinjenice da je jedan dio obra\u010duna pla\u0107a proveden na jednom sustavu a drugi dio \u0107e biti proveden na na\u0161em sustavu. Nema razloga za zabrinutost i \u010dekanje po\u010detka godine za prelazak na na\u0161e usluge! Provodimo p<\/span><span style=\"font-family: arial, helvetica, sans-serif; font-size: 10pt;\"><span style=\"color: #333333;\">roces\u00a0<\/span>migracije koji osigurava 1:1 prijenos svih neophodnih podataka u na\u0161 sustav.\u00a0<\/span><img loading=\"lazy\" decoding=\"async\" class=\"alignleft wp-image-9935\" src=\"https:\/\/www.obracun-placa.com\/wp-content\/uploads\/outsourcing4.jpg\" alt=\"outsourcing4\" width=\"201\" height=\"153\" \/><\/p>\n<p style=\"text-align: left;\"><strong><span style=\"font-family: arial, helvetica, sans-serif; font-size: 12pt; color: #000000;\"><em>Prijenos prometnih podataka<\/em><\/span><\/strong><\/p>\n<p style=\"text-align: justify;\"><span style=\"font-size: 10pt; font-family: arial, helvetica, sans-serif; color: #333333;\">Prijenos prometnih podataka je nu\u017ean iz slijede\u0107ih razloga:<\/span><\/p>\n<ol style=\"text-align: justify;\">\n<li><span style=\"font-size: 10pt; font-family: arial, helvetica, sans-serif; color: #333333;\">Prijenos analitike povijesnih obra\u010duna pla\u0107a potrebne za izra\u010dune osnovica za naknade (bolovanja, godi\u0161nji odmori, &#8230;)<\/span><\/li>\n<li><span style=\"font-size: 10pt; font-family: arial, helvetica, sans-serif; color: #333333;\">Prijenos analitike za evidenciju obaveznih doprinosa, poreza na dohodak i prireza<\/span><\/li>\n<\/ol>\n<p style=\"text-align: justify;\"><span style=\"font-size: 10pt; font-family: arial, helvetica, sans-serif; color: #333333;\">Od\u00a0 01.01.2014 je zapo\u010dela primjena JOPPD obrasca. Prijenos podataka kroz u\u010ditavanje potpisanih i na poreznu predanih XML datoteka je zna\u010dajno unaprijedio proces migracije. Za potrebe migracije korisnik nam isporu\u010duje XML datoteke svih potpisanih i predanih JOPPD obrazaca. U\u010ditavanjem JOPPD XML datoteka se u IT sustavu &#8220;Servisa za obra\u010dun pla\u0107a&#8221; kreiraju sve potrebne evidencije vezane uz porez na dohodak, doprinose i analitiku obra\u010duna pla\u0107a. Postupak\u00a0u\u010ditavanje JOPPD obrasca osigurava i dodatnu\u00a0kontrola mati\u010dnih podataka (OIB, status primatelja, olak\u0161ica, op\u0107ina stanovanja i rada, &#8230;). <\/span><\/p>\n<p style=\"text-align: justify;\"><span style=\"font-size: 10pt; font-family: arial, helvetica, sans-serif; color: #333333;\">Ako ne postoji mogu\u0107nost isporuke elektronske datoteke za migraciju (JOPPD XML) poku\u0161avamo realizirati elektronski prijenos podataka na druge na\u010dine. Kao krajnju mogu\u0107nost prijenosa analitike obra\u010duna pla\u0107a iz prethodnih perioda ostavljamo opciju ru\u010dnog unosa od strane na\u0161eg referenta za obra\u010dun pla\u0107a.<\/span><\/p>\n<p><strong><span style=\"color: #000000; font-family: arial, helvetica, sans-serif; font-size: 12pt;\"><em>&#8220;Servis za obra\u010dun pla\u0107a&#8221; sa jednakim uspjehom implementira usluge na po\u010detku i tijekom poslovne godine!<\/em><\/span><\/strong><\/td>\n<td style=\"border-radius: 20px; border-color: #ffa500; text-align: left; vertical-align: top;\"><img loading=\"lazy\" decoding=\"async\" class=\"alignleft wp-image-10042\" src=\"https:\/\/www.obracun-placa.com\/wp-content\/uploads\/24741614_s-300x208.jpg\" alt=\"24741614_s\" width=\"193\" height=\"134\" srcset=\"https:\/\/www.obracun-placa.com\/wp-content\/uploads\/24741614_s-300x208.jpg 300w, https:\/\/www.obracun-placa.com\/wp-content\/uploads\/24741614_s.jpg 450w\" sizes=\"auto, (max-width: 193px) 100vw, 193px\" \/><strong><span style=\"color: #000000; font-family: arial, helvetica, sans-serif; font-size: 12pt;\"><em>Brz i to\u010dan prijenos podataka u na\u0161 ra\u010dunalni sustav!<\/em><\/span><\/strong><\/p>\n<p style=\"text-align: justify;\"><span style=\"font-family: arial, helvetica, sans-serif; font-size: 10pt; color: #333333;\">Rezultat na\u0161e migracije podataka je potpuna\u00a0analitika povijesnih obra\u010duna pla\u0107a u IT sustavu &#8220;Servisa za obra\u010dun pla\u0107a&#8221;. Nakon provedene migracije na\u0161 sustav ima\u00a0punu operativnu sposobnost za generiranje propisanih mjese\u010dnih\/godi\u0161njih izvje\u0161taja, izra\u010dun\u00a0godi\u0161njeg obra\u010duna poreza i prireza i izra\u010dun osnovica za razli\u010dite naknade.<\/span><\/p>\n<p><strong><span style=\"color: #000000;\"><em><span style=\"font-family: arial, helvetica, sans-serif; font-size: 12pt;\">Prijenos mati\u010dnih podataka<\/span><\/em><\/span><\/strong><\/p>\n<p style=\"text-align: justify;\"><span style=\"font-family: arial, helvetica, sans-serif; color: #333333;\"><span style=\"font-size: 13.3333330154419px; line-height: 18.1818180084229px;\">Uobi\u010dajeni mati\u010dni podaci, vezani uz obra\u010dun pla\u0107a su:\u00a0<\/span><\/span><\/p>\n<ol style=\"text-align: justify;\">\n<li><span style=\"font-family: arial, helvetica, sans-serif; font-size: 10pt; color: #333333;\">Osnovni mati\u010dni podaci radnika<\/span><\/li>\n<li><span style=\"font-family: arial, helvetica, sans-serif; font-size: 10pt; color: #333333;\">Mati\u010dni podaci radnika koji se odnose na obra\u010dun pla\u0107a<\/span><\/li>\n<li><span style=\"font-family: arial, helvetica, sans-serif; font-size: 10pt; color: #333333;\">Mati\u010dni podaci radnika potrebni za vo\u0111enje propisane evidencije o radnicima<\/span><\/li>\n<li><span style=\"font-family: arial, helvetica, sans-serif; font-size: 10pt; color: #333333;\">Podaci o obustavama i ovrhama<\/span><\/li>\n<li><span style=\"font-family: arial, helvetica, sans-serif; font-size: 10pt; color: #333333;\">Drugi mati\u010dni podaci \u010diju evidenciju vodi &#8220;Servis za obra\u010dun pla\u0107a&#8221; (\u010dlanovi obitelji, prava na godi\u0161nje odmore, stanja godi\u0161njih odmora, &#8230;)<\/span><\/li>\n<\/ol>\n<p style=\"text-align: justify;\"><span style=\"font-family: arial, helvetica, sans-serif; font-size: 10pt; color: #333333;\">Mati\u010dni podaci se prenose na osnovu EXCEL predlo\u017eaka. Isporu\u010dujemo\u00a0EXCEL predlo\u0161ke sa strukturom koja sadr\u017ei podatke potrebne za prijenos pojedine evidencije mati\u010dnih podataka. Isporu\u010dene EXCEL evidencije se, elektronskim putem, u\u010ditavaju u na\u0161 IT sustav. Kada ne postoji mogu\u0107nost kvalitetne pripreme mati\u010dnih podataka iz postoje\u0107ega sustava, &#8220;Servis za obra\u010dun pla\u0107a&#8221; pru\u017ea asistenciju u pripremi mati\u010dnih podataka. Asistencije se sastoji u izradi procedura za automatski izvoz podataka iz IT sustava korisnika u datoteke. Ako se radi o korisniku sa manjim brojem radnika koji nema mogu\u0107nosti kreiranja EXCEL evidencija radi se\u00a0ru\u010dni unos podataka. Na\u0161 referent za obra\u010dun pla\u0107a dolazi na lokaciju kod korisnika i kroz ru\u010dni unos evidentira sve potrebne mati\u010dne podatke u IT sustavu &#8220;Servisa za obra\u010dun pla\u0107a&#8221;.<\/span><\/p>\n<p>&nbsp;<\/p>\n<p>&nbsp;<\/p>\n<p>&nbsp;<\/p>\n<p>&nbsp;<\/p>\n<p>&nbsp;<\/p>\n<p>&nbsp;<\/td>\n<\/tr>\n<\/tbody>\n<\/table>\n<p>&nbsp;<\/p>\n<p>&nbsp;<\/p>\n","protected":false},"excerpt":{"rendered":"<p>\u017delite promijeniti postoje\u0107i sustav za obra\u010dun pla\u0107a tijekom poslovne godine? Kod\u00a0ugovaranje usluga, koje \u0107e biti pokrenute tijekom godine, \u010desto nailazimo na zabrinutost korisnika vezanu uz pitanje provo\u0111enja godi\u0161njeg obra\u010duna poreza i kreiranja cjelovitih godi\u0161njih izvje\u0161taja (DNR, IP, &#8230;). Zabrinutost proizlazi iz \u010dinjenice da je jedan dio obra\u010duna pla\u0107a proveden na jednom sustavu a drugi dio [&hellip;]<\/p>\n","protected":false},"author":1501,"featured_media":0,"parent":0,"menu_order":0,"comment_status":"closed","ping_status":"closed","template":"","meta":{"pmpro_default_level":"","footnotes":""},"class_list":["post-12260","page","type-page","status-publish","hentry","pmpro-has-access"],"aioseo_notices":[],"_links":{"self":[{"href":"https:\/\/www.obracun-placa.com\/index.php\/wp-json\/wp\/v2\/pages\/12260","targetHints":{"allow":["GET"]}}],"collection":[{"href":"https:\/\/www.obracun-placa.com\/index.php\/wp-json\/wp\/v2\/pages"}],"about":[{"href":"https:\/\/www.obracun-placa.com\/index.php\/wp-json\/wp\/v2\/types\/page"}],"author":[{"embeddable":true,"href":"https:\/\/www.obracun-placa.com\/index.php\/wp-json\/wp\/v2\/users\/1501"}],"replies":[{"embeddable":true,"href":"https:\/\/www.obracun-placa.com\/index.php\/wp-json\/wp\/v2\/comments?post=12260"}],"version-history":[{"count":0,"href":"https:\/\/www.obracun-placa.com\/index.php\/wp-json\/wp\/v2\/pages\/12260\/revisions"}],"wp:attachment":[{"href":"https:\/\/www.obracun-placa.com\/index.php\/wp-json\/wp\/v2\/media?parent=12260"}],"curies":[{"name":"wp","href":"https:\/\/api.w.org\/{rel}","templated":true}]}}