{"id":12257,"date":"2015-04-03T09:35:23","date_gmt":"2015-04-03T07:35:23","guid":{"rendered":"http:\/\/www.obracun-placa.com\/?page_id=12257"},"modified":"2018-01-09T21:54:56","modified_gmt":"2018-01-09T20:54:56","slug":"potpuna-briga-o-vasim-placama","status":"publish","type":"page","link":"https:\/\/www.obracun-placa.com\/index.php\/potpuna-briga-o-vasim-placama\/","title":{"rendered":"POTPUNA BRIGA O VA\u0160IM PLA\u0106AMA"},"content":{"rendered":"<table style=\"border-radius: 20px;\" border=\"0\" cellspacing=\"25\">\n<tbody>\n<tr>\n<td style=\"border-radius: 20px; border-color: #ffa500; text-align: left; vertical-align: top;\">\n<p style=\"text-align: left;\"><strong><span style=\"font-size: 12pt; font-family: arial, helvetica, sans-serif; color: #000000;\"><em>Specijalizirani pru\u017eatelj usluga ra\u010dunalne obrade obra\u010duna pla\u0107a<\/em><\/span><\/strong><\/p>\n<p style=\"text-align: justify;\"><span style=\"color: #333333;\"><span style=\"font-size: 10pt; font-family: arial, helvetica, sans-serif;\">&#8220;Servis za obra\u010dun pla\u0107a&#8221; je, u Hrvatskoj, jedinstveni koncept servisa koji je specijaliziran za pru\u017eanje<\/span><span style=\"font-size: 10pt; font-family: arial, helvetica, sans-serif;\">\u00a0usluga ra\u010dunalne obrade obra\u010duna pla\u0107a i drugog dohotka. Usluge koje pru\u017eamo, korisnika u potpunosti osloba\u0111aju svih poslova vezanih uz proces obrade obra\u010duna pla\u0107a. Proces provedbe i isplate pla\u0107a u potpunosti je pokriven elektronskim datotekama (PDF izvje\u0161taji, SEPA datoteke s nalozima, JOPPD XML, datoteka sa temeljnicom za Va\u0161u glavnu knjigu).\u00a0<\/span><\/span>\u00a0<img loading=\"lazy\" decoding=\"async\" class=\"alignleft wp-image-9935\" src=\"https:\/\/www.obracun-placa.com\/wp-content\/uploads\/outsourcing4.jpg\" alt=\"outsourcing4\" width=\"201\" height=\"153\" \/><\/p>\n<p style=\"text-align: left;\"><strong><span style=\"font-family: arial, helvetica, sans-serif; font-size: 12pt; color: #000000;\"><em>Tajnost pla\u0107a<\/em><\/span><\/strong><\/p>\n<p style=\"text-align: justify;\"><span style=\"font-family: arial, helvetica, sans-serif; font-size: 10pt; color: #333333;\">Obra\u010dun pla\u0107a koji je izdvojen iz poduze\u0107a osigurati \u0107e tajnost pla\u0107a u Va\u0161em poduze\u0107u. Servis za obra\u010dun pla\u0107a koristi profesionalnu ra\u010dunalnu infrastrukturu i primjenjuje visoke standarde za\u0161tite podataka svojih korisnika.<\/span><\/p>\n<p><strong><span style=\"color: #000000;\"><em><span style=\"font-family: arial, helvetica, sans-serif; font-size: 12pt;\">Iskustvo i znanje<\/span><\/em><\/span><\/strong><\/p>\n<p style=\"text-align: justify;\"><span style=\"font-family: arial, helvetica, sans-serif; font-size: 10pt; color: #333333;\">&#8220;Servis za obra\u010dun pla\u0107a&#8221; pru\u017ea usluge ra\u010dunalne obrade obra\u010duna pla\u0107a od 2008. godine. Posjedujemo znanja i kompetencije za rje\u0161avanje svih situacija iz prakse. U portfelju korisnika na\u0161e usluge &#8220;obra\u010dun pla\u0107a&#8221; se nalaze poslovni subjekti svih veli\u010dina i razli\u010ditih poslovnih djelatnosti.\u00a0<\/span><\/p>\n<p>&nbsp;<\/td>\n<td style=\"border-radius: 20px; border-color: #ffa500; text-align: left; vertical-align: top;\"><img loading=\"lazy\" decoding=\"async\" class=\"alignleft wp-image-9929\" src=\"https:\/\/www.obracun-placa.com\/wp-content\/uploads\/outsourcing2.jpg\" alt=\"outsourcing2\" width=\"227\" height=\"132\" \/><strong><span style=\"color: #000000;\"><em><span style=\"font-size: 12pt; font-family: arial, helvetica, sans-serif;\">A\u017eurno pra\u0107enje i primjena zakonskih propisa<\/span><\/em><\/span><\/strong><\/p>\n<p style=\"text-align: justify;\"><span style=\"font-size: 10pt; color: #333333; font-family: arial, helvetica, sans-serif;\"> \u010ceste promjene i kompleksna zakonska regulativa \u010dine obra\u010dun pla\u0107a jednim od zahtjevnijih podru\u010dja ra\u010dunovodstva poduze\u0107a. Pra\u0107enje i ispunjavanje zakonskih odredbi zahtjeva znatan anga\u017eman ljudskih resursa poduze\u0107a i postavlja visoke zahtjeve prema aplikaciji za obra\u010dun pla\u0107a. Kroz godine djelovanja na\u0161 portal je stekao reputaciju lidera je u pra\u0107enju\u00a0i tuma\u010denju zakonskih propisa iz podru\u010dja radnoga prava, obaveznih doprinosa i poreza na dohodak. Mi smo uvijek spremni na vrijeme\u00a0i ispravno primijeniti nove zakonske propise.<\/span><\/p>\n<p><img loading=\"lazy\" decoding=\"async\" class=\"alignleft wp-image-9967 size-full\" src=\"https:\/\/www.obracun-placa.com\/wp-content\/uploads\/outsourcing11.jpg\" alt=\"outsourcing11\" width=\"210\" height=\"210\" srcset=\"https:\/\/www.obracun-placa.com\/wp-content\/uploads\/outsourcing11.jpg 210w, https:\/\/www.obracun-placa.com\/wp-content\/uploads\/outsourcing11-150x150.jpg 150w\" sizes=\"auto, (max-width: 210px) 100vw, 210px\" \/><\/p>\n<p>&nbsp;<\/p>\n<p>&nbsp;<\/p>\n<p>&nbsp;<\/p>\n<p>&nbsp;<\/p>\n<p>&nbsp;<\/p>\n<p>&nbsp;<\/p>\n<p><strong><span style=\"font-family: arial, helvetica, sans-serif; font-size: 12pt; color: #000000;\"><em>Imunitet na zakonske promjene<\/em><\/span><\/strong><\/p>\n<p style=\"text-align: justify;\"><span style=\"font-family: arial, helvetica, sans-serif; font-size: 10pt; color: #333333;\">Zakonska regulativa koja se odnosi na pla\u0107e (zakon o radu, obavezni doprinosi, porez na dohodak, &#8230;) je vrlo kompleksna te je uz to zahva\u0107ena \u010destim zakonskim promjenama. &#8220;Servis za obra\u010dun pla\u0107a&#8221; Vam kroz uslugu &#8220;Obra\u010dun pla\u0107a&#8221; donosi puni imunitet na zakonske promjene koje reguliraju obra\u010dun pla\u0107a i radne odnose!<\/span><\/p>\n<p><strong><span style=\"font-family: arial, helvetica, sans-serif; font-size: 12pt; color: #000000;\"><em>Ugovorno jamstvo isporuke obra\u010duna pla\u0107a na zadani dan u mjesecu<\/em><\/span><\/strong><\/p>\n<p><span style=\"font-family: arial, helvetica, sans-serif; font-size: 10pt; color: #333333;\">&#8220;Servis za obra\u010dun pla\u0107a&#8221; ugovorno jam\u010di isporuku obra\u010duna pla\u0107e korisniku na zadani dan u mjesecu.<\/span><\/td>\n<\/tr>\n<\/tbody>\n<\/table>\n","protected":false},"excerpt":{"rendered":"<p>Specijalizirani pru\u017eatelj usluga ra\u010dunalne obrade obra\u010duna pla\u0107a &#8220;Servis za obra\u010dun pla\u0107a&#8221; je, u Hrvatskoj, jedinstveni koncept servisa koji je specijaliziran za pru\u017eanje\u00a0usluga ra\u010dunalne obrade obra\u010duna pla\u0107a i drugog dohotka. Usluge koje pru\u017eamo, korisnika u potpunosti osloba\u0111aju svih poslova vezanih uz proces obrade obra\u010duna pla\u0107a. Proces provedbe i isplate pla\u0107a u potpunosti je pokriven elektronskim datotekama [&hellip;]<\/p>\n","protected":false},"author":1501,"featured_media":0,"parent":0,"menu_order":0,"comment_status":"closed","ping_status":"closed","template":"","meta":{"pmpro_default_level":"","footnotes":""},"class_list":["post-12257","page","type-page","status-publish","hentry","pmpro-has-access"],"aioseo_notices":[],"_links":{"self":[{"href":"https:\/\/www.obracun-placa.com\/index.php\/wp-json\/wp\/v2\/pages\/12257","targetHints":{"allow":["GET"]}}],"collection":[{"href":"https:\/\/www.obracun-placa.com\/index.php\/wp-json\/wp\/v2\/pages"}],"about":[{"href":"https:\/\/www.obracun-placa.com\/index.php\/wp-json\/wp\/v2\/types\/page"}],"author":[{"embeddable":true,"href":"https:\/\/www.obracun-placa.com\/index.php\/wp-json\/wp\/v2\/users\/1501"}],"replies":[{"embeddable":true,"href":"https:\/\/www.obracun-placa.com\/index.php\/wp-json\/wp\/v2\/comments?post=12257"}],"version-history":[{"count":0,"href":"https:\/\/www.obracun-placa.com\/index.php\/wp-json\/wp\/v2\/pages\/12257\/revisions"}],"wp:attachment":[{"href":"https:\/\/www.obracun-placa.com\/index.php\/wp-json\/wp\/v2\/media?parent=12257"}],"curies":[{"name":"wp","href":"https:\/\/api.w.org\/{rel}","templated":true}]}}