{"id":11,"date":"2010-02-02T16:28:39","date_gmt":"2010-02-02T14:28:39","guid":{"rendered":"http:\/\/www.oktaedar.hr\/?page_id=10"},"modified":"2025-02-27T15:28:02","modified_gmt":"2025-02-27T14:28:02","slug":"obracun-placa-cjenik","status":"publish","type":"page","link":"https:\/\/www.obracun-placa.com\/index.php\/obracun-placa-cjenik\/","title":{"rendered":"CJENIK"},"content":{"rendered":"<table style=\"width: 520px; padding-left: 15px;\" cellspacing=\"10\" cellpadding=\"20\">\n<tbody>\n<tr>\n<td style=\"padding: 8px; background-color: #ebebeb;\">\n<p style=\"text-align: justify;\"><span style=\"font-family: arial, helvetica, sans-serif; font-size: 12pt; color: #333333;\"><i style=\"font-family: arial, helvetica, sans-serif;\"><strong>OBRA\u010cUN PLA\u0106A<\/strong><\/i><\/span><\/p>\n<p style=\"text-align: justify;\"><span style=\"font-family: arial, helvetica, sans-serif; color: #ffffff;\"><span style=\"font-size: 10pt;\"><span style=\"color: #333333;\">Na\u0161 cjenik usluga je transparentan. Informativnu cijenu za uslugu obra\u010duna pla\u0107a mo\u017eete saznati, odmah, putem ovog on-line cjenika. Potrebno je upisati broj zaposlenih radnika i odabrati djelatnost poduze\u0107a. Formalnu ponudu za pru\u017eanje usluge obra\u010duna pla\u0107a sa iskazanim opsegom usluga i cijenom mo\u017eete zatra\u017eiti<\/span>\u00a0<span style=\"color: #ff0000;\"><strong><a style=\"color: #ff0000;\" href=\"https:\/\/www.obracun-placa.com\/index.php\/upit-za-ponudu\/\">OVDJE<\/a><\/strong><\/span>.\u00a0<\/span><\/span><\/p>\n<\/td>\n<\/tr>\n<\/tbody>\n<\/table>\n<table style=\"border-radius: 0px; width: 42.8955%; padding-left: 10px; height: 178px;\" border=\"0\" cellspacing=\"10\" cellpadding=\"0\">\n<tbody>\n<tr style=\"height: 178px;\">\n<td style=\"width: 220px; border-color: #ffa500; height: 178px; text-align: center; vertical-align: top;\">&nbsp;<\/p>\n<p><span style=\"font-family: helvetica, arial, sans-serif; font-size: 10pt; color: #000000;\"><i style=\"color: #000000;\"><strong><img loading=\"lazy\" decoding=\"async\" class=\" wp-image-10013 alignleft\" src=\"https:\/\/www.obracun-placa.com\/wp-content\/uploads\/logomali.jpg\" alt=\"\" width=\"236\" height=\"241\" \/>    <style type=\"text\/css\">\n        @import url(https:\/\/www.obracun-placa.com\/wp-content\/plugins\/jazzy-forms\/front\/themes\/1.css);\n    <\/style>\n    <style type=\"text\/css\" scoped=\"scoped\">\n        \/* Element overall *\/\ndiv.jzzf_element{\ndisplay:block;\n\/*margin: 10; *\/\nwidth:220px;\ntext-align:left;\nfloat:left; \n}\n\/* Element labels -naslovi*\/\ndiv.jzzf_element label{\ndisplay:block;\n\/*font-weight:bold;*\/\nwidth:200px;\ntext-align:justify;\n\/*padding:4px 4px; *\/\nfloat:left;\n\n}\n\/* Element inputs *\/\ndiv.jzzf_element input, select, message{\nfloat:left;\nfont-size:15px;\n\/*padding:4px 4px;*\/\nwidth:200px;\nmargin:0px 0px 0px 0px;\ntext-align:center;\n}\ndiv.jzzf_half{width: 220px;}\ndiv.jzzf_third{width:80px;}\ndiv.jzzf_full{width:250px;}\n\nform.jzzf_form {background-color: #FFFFFF; padding-left:20px;padding-top:0px;border:0px;}\n\n\n    <\/style>\n    <script type=\"text\/javascript\">\n        if(typeof(jzzf_forms) == \"undefined\") {\n            jzzf_forms = [];\n        }\n        var graph = {\n            \"data\": {\"koef\":[\"1\",\"1\",\"1.2\",\"1.2\",\"1.2\",\"1.2\",\"1\"]},\n            \"types\": {\"element\":\"m\",\"brojradnika\":\"n\",\"tecaj\":\"n\",\"osnova\":\"f\",\"koef\":\"d\",\"element_6\":\"u\",\"rone\":\"f\",\"rtwo\":\"f\",\"rtree\":\"f\",\"rfour\":\"f\",\"rfive\":\"f\",\"rsix\":\"f\",\"izracun\":\"f\",\"poradnikueur\":\"f\",\"izracuneur\":\"f\",\"izracunhrk\":\"f\",\"poradnikuhrk\":\"f\",\"ina_po_radniku_font_size4font_colorgreenbformattedporadnikueurbfont_colorfont_sizeformativna_cijen\":\"m\",\"element100\":\"m\"},\n            \"dependencies\": {\"brojradnika\":[\"osnova\",\"izracun\",\"poradnikueur\",\"izracuneur\",\"izracunhrk\",\"ina_po_radniku_font_size4font_colorgreenbformattedporadnikueurbfont_colorfont_sizeformativna_cijen\",\"poradnikuhrk\",\"rone\",\"rtwo\",\"rtree\",\"rfour\",\"rfive\",\"rsix\",\"poradnikueur\",\"izracuneur\"],\"koef\":[\"izracun\",\"poradnikueur\",\"izracuneur\",\"izracunhrk\",\"ina_po_radniku_font_size4font_colorgreenbformattedporadnikueurbfont_colorfont_sizeformativna_cijen\",\"poradnikuhrk\"],\"tecaj\":[\"izracunhrk\",\"poradnikuhrk\"]},\n            \"formulas\": {\"osnova\":[\"f\",\"if\",[\"o\",\">\",[\"v\",\"brojradnika\"],[\"n\",0]],[\"o\",\"*\",[\"n\",12],[\"n\",20]],[\"n\",20]],\"rone\":[\"f\",\"if\",[\"o\",\">\",[\"v\",\"brojradnika\"],[\"n\",20]],[\"f\",\"if\",[\"o\",\">\",[\"v\",\"brojradnika\"],[\"n\",100]],[\"o\",\"-\",[\"n\",100],[\"n\",20]],[\"o\",\"-\",[\"v\",\"brojradnika\"],[\"n\",20]]],[\"n\",0]],\"rtwo\":[\"f\",\"if\",[\"o\",\">\",[\"v\",\"brojradnika\"],[\"n\",100]],[\"f\",\"if\",[\"o\",\">\",[\"v\",\"brojradnika\"],[\"n\",200]],[\"n\",100],[\"o\",\"-\",[\"v\",\"brojradnika\"],[\"n\",100]]],[\"n\",0]],\"rtree\":[\"f\",\"if\",[\"o\",\">\",[\"v\",\"brojradnika\"],[\"n\",200]],[\"f\",\"if\",[\"o\",\">\",[\"v\",\"brojradnika\"],[\"n\",300]],[\"n\",100],[\"o\",\"-\",[\"v\",\"brojradnika\"],[\"n\",200]]],[\"n\",0]],\"rfour\":[\"f\",\"if\",[\"o\",\">\",[\"v\",\"brojradnika\"],[\"n\",300]],[\"f\",\"if\",[\"o\",\">\",[\"v\",\"brojradnika\"],[\"n\",400]],[\"n\",100],[\"o\",\"-\",[\"v\",\"brojradnika\"],[\"n\",300]]],[\"n\",0]],\"rfive\":[\"f\",\"if\",[\"o\",\">\",[\"v\",\"brojradnika\"],[\"n\",400]],[\"f\",\"if\",[\"o\",\">\",[\"v\",\"brojradnika\"],[\"n\",500]],[\"n\",100],[\"o\",\"-\",[\"v\",\"brojradnika\"],[\"n\",400]]],[\"n\",0]],\"rsix\":[\"f\",\"if\",[\"o\",\">\",[\"v\",\"brojradnika\"],[\"n\",500]],[\"o\",\"-\",[\"v\",\"brojradnika\"],[\"n\",500]],[\"n\",0]],\"izracun\":[\"o\",\"*\",[\"o\",\"+\",[\"v\",\"osnova\"],[\"o\",\"+\",[\"o\",\"*\",[\"v\",\"rone\"],[\"n\",11]],[\"o\",\"+\",[\"o\",\"*\",[\"v\",\"rtwo\"],[\"n\",10]],[\"o\",\"+\",[\"o\",\"*\",[\"v\",\"rtree\"],[\"n\",9]],[\"o\",\"+\",[\"o\",\"*\",[\"v\",\"rfour\"],[\"n\",8]],[\"o\",\"+\",[\"o\",\"*\",[\"v\",\"rfive\"],[\"n\",7]],[\"o\",\"*\",[\"v\",\"rsix\"],[\"n\",6]]]]]]]],[\"v\",\"koef\"]],\"poradnikueur\":[\"f\",\"roundup\",[\"o\",\"\\\/\",[\"v\",\"izracun\"],[\"v\",\"brojradnika\"]],[\"n\",2]],\"izracuneur\":[\"o\",\"*\",[\"v\",\"poradnikueur\"],[\"v\",\"brojradnika\"]],\"izracunhrk\":[\"o\",\"*\",[\"v\",\"izracuneur\"],[\"v\",\"tecaj\"]],\"poradnikuhrk\":[\"o\",\"*\",[\"v\",\"poradnikueur\"],[\"v\",\"tecaj\"]]},\n            \"templates\": {\"ina_po_radniku_font_size4font_colorgreenbformattedporadnikueurbfont_colorfont_sizeformativna_cijen\":[\"Informativna cijena po radniku: \\n<br>\\n<font size=\\\"4\\\"><font color=\\\"green\\\"><b>\\n\",[\"f\",\"formatted\",[\"v\",\"poradnikueur\"]],\"<\\\/b><\\\/font color>\\n<\\\/font size>\\n<br><br>\\nInformativna cijena za 1 mjesec: <font size=\\\"4\\\"><font color=\\\"green\\\"><b>\\n<br>\",[\"f\",\"formatted\",[\"v\",\"izracuneur\"]],\" + PDV<br>\\n<\\\/font size>\\n<br><br>\"]},\n            \"form\": {\"id\":36,\"title\":\"Cjenik 6\",\"name\":\"cjenik_6\",\"theme\":1,\"realtime\":true,\"incomplete\":\"\",\"email\":null},\n            \"params\": {\"osnova\":{\"prefix\":\"\",\"postfix\":\"\",\"zeros\":0,\"decimals\":9,\"fixed\":false,\"thousands\":\"\",\"point\":\".\"},\"rone\":{\"prefix\":\"\",\"postfix\":\"\",\"zeros\":0,\"decimals\":9,\"fixed\":false,\"thousands\":\"\",\"point\":\".\"},\"rtwo\":{\"prefix\":\"\",\"postfix\":\"\",\"zeros\":0,\"decimals\":9,\"fixed\":false,\"thousands\":\"\",\"point\":\".\"},\"rtree\":{\"prefix\":\"\",\"postfix\":\"\",\"zeros\":0,\"decimals\":9,\"fixed\":false,\"thousands\":\"\",\"point\":\".\"},\"rfour\":{\"prefix\":\"\",\"postfix\":\"\",\"zeros\":0,\"decimals\":9,\"fixed\":false,\"thousands\":\"\",\"point\":\".\"},\"rfive\":{\"prefix\":\"\",\"postfix\":\"\",\"zeros\":0,\"decimals\":9,\"fixed\":false,\"thousands\":\"\",\"point\":\".\"},\"rsix\":{\"prefix\":\"\",\"postfix\":\"\",\"zeros\":0,\"decimals\":9,\"fixed\":false,\"thousands\":\"\",\"point\":\".\"},\"izracun\":{\"prefix\":\"\",\"postfix\":\"\",\"zeros\":0,\"decimals\":2,\"fixed\":false,\"thousands\":\".\",\"point\":\",\"},\"poradnikueur\":{\"prefix\":\"\",\"postfix\":\" EUR\",\"zeros\":0,\"decimals\":2,\"fixed\":true,\"thousands\":\".\",\"point\":\",\"},\"izracuneur\":{\"prefix\":\"\",\"postfix\":\" EUR\",\"zeros\":0,\"decimals\":2,\"fixed\":true,\"thousands\":\".\",\"point\":\",\"},\"izracunhrk\":{\"prefix\":\"\",\"postfix\":\" HRK + PDV\",\"zeros\":0,\"decimals\":2,\"fixed\":true,\"thousands\":\".\",\"point\":\",\"},\"poradnikuhrk\":{\"prefix\":\"\",\"postfix\":\" HRK\",\"zeros\":0,\"decimals\":2,\"fixed\":true,\"thousands\":\".\",\"point\":\",\"}},\n            \"email\": null,\n            \"required\": {}        };\n        var jzzf_ajax_url = \"https:\/\/www.obracun-placa.com\/wp-admin\/admin-ajax.php\";\n        jzzf_forms.push({\"id\": 36, \"data\": graph});        \n    <\/script>\n<form class=\"jzzf_form jzzf_form_36\">\n<div id=\"jzzf_form_error_36\" class=\"jzzf_form_error\" style=\"display: none\"><\/div>\n<ul class=\"jzzf_form_elements\">\n      <li class=\"jzzf_row\">\n      <div class=\"jzzf_element jzzf_element_m jzzf_ahead_n jzzf_break jzzf_full\"  style=\"display:none;\" id=\"jzzf_36_element\">\n        Element  <div class=\"jzzf_error\"><\/div>\n  <\/div>\n          <div class=\"jzzf_message\"><\/div>\n  <div class=\"clear\"><\/div>\n  <\/li>\n              <li class=\"jzzf_row\">\n      <div class=\"jzzf_element jzzf_element_n jzzf_ahead_n jzzf_break jzzf_half\" >\n    <label class=\"jzzf_number_label jzzf_element_label\" for=\"jzzf_36_brojradnika\">Broj zaposlenih radnika (min. 20):<\/label><input type=\"text\" id=\"jzzf_36_brojradnika\" value=\"20\">\n  <div class=\"jzzf_error\"><\/div>\n  <\/div>\n          <div class=\"jzzf_message\"><\/div>\n  <div class=\"clear\"><\/div>\n  <\/li>\n              <li class=\"jzzf_row\">\n      <div class=\"jzzf_element jzzf_element_n jzzf_ahead_f jzzf_break jzzf_full\"  style=\"display:none;\">\n    <label class=\"jzzf_number_label jzzf_element_label\" for=\"jzzf_36_tecaj\">tecaj<\/label><input type=\"text\" id=\"jzzf_36_tecaj\" value=\"7.53450\">\n  <div class=\"jzzf_error\"><\/div>\n  <\/div>\n              <div class=\"jzzf_element jzzf_element_f jzzf_ahead_d jzzf_no_break jzzf_half\"  style=\"display:none;\">\n        <label class=\"jzzf_element_label jzzf_output_label\" for=\"jzzf_36_osnova\">osnova<\/label><input type=\"text\" readonly=\"readonly\" id=\"jzzf_36_osnova\" value=\"...\">\n  <div class=\"jzzf_error\"><\/div>\n  <\/div>\n          <div class=\"jzzf_message\"><\/div>\n  <div class=\"clear\"><\/div>\n  <\/li>\n              <li class=\"jzzf_row\">\n      <div class=\"jzzf_element jzzf_element_d jzzf_ahead_u jzzf_break jzzf_half\" >\n    <label class=\"jzzf_element_label jzzf_dropdown_label\" for=\"jzzf_36_koef\">Djelatnost poduze\u0107a:<\/label><select id=\"jzzf_36_koef\">\n        <option>Nedefinirano<\/option>\n        <option>Veleprodaja i distribucija<\/option>\n        <option>Proizvodne djelatnosti<\/option>\n        <option>Trgovina<\/option>\n        <option>Ugostiteljstvo<\/option>\n        <option>Graditeljstvo<\/option>\n        <option>Uslu\u017ene djelatnosti<\/option>\n        <\/select>\n  <div class=\"jzzf_error\"><\/div>\n  <\/div>\n          <div class=\"jzzf_message\"><\/div>\n  <div class=\"clear\"><\/div>\n  <\/li>\n              <li class=\"jzzf_row\">\n      <div class=\"jzzf_element jzzf_element_u jzzf_ahead_f jzzf_break jzzf_half\"  style=\"display:none;\">\n        <input type=\"button\" id=\"jzzf_36_element_6\" value=\"Izra\u010dunaj\">\n  <div class=\"jzzf_error\"><\/div>\n  <\/div>\n              <div class=\"jzzf_element jzzf_element_f jzzf_ahead_f jzzf_no_break jzzf_full\"  style=\"display:none;\">\n        <label class=\"jzzf_element_label jzzf_output_label\" for=\"jzzf_36_rone\">rone<\/label><input type=\"text\" readonly=\"readonly\" id=\"jzzf_36_rone\" value=\"...\">\n  <div class=\"jzzf_error\"><\/div>\n  <\/div>\n          <div class=\"jzzf_message\"><\/div>\n  <div class=\"clear\"><\/div>\n  <\/li>\n              <li class=\"jzzf_row\">\n      <div class=\"jzzf_element jzzf_element_f jzzf_ahead_f jzzf_break jzzf_full\"  style=\"display:none;\">\n        <label class=\"jzzf_element_label jzzf_output_label\" for=\"jzzf_36_rtwo\">rtwo<\/label><input type=\"text\" readonly=\"readonly\" id=\"jzzf_36_rtwo\" value=\"...\">\n  <div class=\"jzzf_error\"><\/div>\n  <\/div>\n              <div class=\"jzzf_element jzzf_element_f jzzf_ahead_f jzzf_no_break jzzf_full\"  style=\"display:none;\">\n        <label class=\"jzzf_element_label jzzf_output_label\" for=\"jzzf_36_rtree\">rtree<\/label><input type=\"text\" readonly=\"readonly\" id=\"jzzf_36_rtree\" value=\"...\">\n  <div class=\"jzzf_error\"><\/div>\n  <\/div>\n              <div class=\"jzzf_element jzzf_element_f jzzf_ahead_f jzzf_no_break jzzf_full\"  style=\"display:none;\">\n        <label class=\"jzzf_element_label jzzf_output_label\" for=\"jzzf_36_rfour\">rfour<\/label><input type=\"text\" readonly=\"readonly\" id=\"jzzf_36_rfour\" value=\"...\">\n  <div class=\"jzzf_error\"><\/div>\n  <\/div>\n              <div class=\"jzzf_element jzzf_element_f jzzf_ahead_f jzzf_no_break jzzf_full\"  style=\"display:none;\">\n        <label class=\"jzzf_element_label jzzf_output_label\" for=\"jzzf_36_rfive\">rfive<\/label><input type=\"text\" readonly=\"readonly\" id=\"jzzf_36_rfive\" value=\"...\">\n  <div class=\"jzzf_error\"><\/div>\n  <\/div>\n              <div class=\"jzzf_element jzzf_element_f jzzf_ahead_f jzzf_no_break jzzf_full\"  style=\"display:none;\">\n        <label class=\"jzzf_element_label jzzf_output_label\" for=\"jzzf_36_rsix\">rsix<\/label><input type=\"text\" readonly=\"readonly\" id=\"jzzf_36_rsix\" value=\"...\">\n  <div class=\"jzzf_error\"><\/div>\n  <\/div>\n          <div class=\"jzzf_message\"><\/div>\n  <div class=\"clear\"><\/div>\n  <\/li>\n              <li class=\"jzzf_row\">\n      <div class=\"jzzf_element jzzf_element_f jzzf_ahead_f jzzf_break jzzf_half\"  style=\"display:none;\">\n        <label class=\"jzzf_element_label jzzf_output_label\" for=\"jzzf_36_izracun\">izracun<\/label><input type=\"text\" readonly=\"readonly\" id=\"jzzf_36_izracun\" value=\"...\">\n  <div class=\"jzzf_error\"><\/div>\n  <\/div>\n          <div class=\"jzzf_message\"><\/div>\n  <div class=\"clear\"><\/div>\n  <\/li>\n              <li class=\"jzzf_row\">\n      <div class=\"jzzf_element jzzf_element_f jzzf_ahead_f jzzf_break jzzf_full\"  style=\"display:none;\">\n        <label class=\"jzzf_element_label jzzf_output_label\" for=\"jzzf_36_poradnikueur\">poradnikueur<\/label><input type=\"text\" readonly=\"readonly\" id=\"jzzf_36_poradnikueur\" value=\"...\">\n  <div class=\"jzzf_error\"><\/div>\n  <\/div>\n          <div class=\"jzzf_message\"><\/div>\n  <div class=\"clear\"><\/div>\n  <\/li>\n              <li class=\"jzzf_row\">\n      <div class=\"jzzf_element jzzf_element_f jzzf_ahead_f jzzf_break jzzf_full\"  style=\"display:none;\">\n        <label class=\"jzzf_element_label jzzf_output_label\" for=\"jzzf_36_izracuneur\">izracuneur<\/label><input type=\"text\" readonly=\"readonly\" id=\"jzzf_36_izracuneur\" value=\"...\">\n  <div class=\"jzzf_error\"><\/div>\n  <\/div>\n          <div class=\"jzzf_message\"><\/div>\n  <div class=\"clear\"><\/div>\n  <\/li>\n              <li class=\"jzzf_row\">\n      <div class=\"jzzf_element jzzf_element_f jzzf_ahead_f jzzf_break jzzf_full\"  style=\"display:none;\">\n        <label class=\"jzzf_element_label jzzf_output_label\" for=\"jzzf_36_izracunhrk\">izracunhrk<\/label><input type=\"text\" readonly=\"readonly\" id=\"jzzf_36_izracunhrk\" value=\"...\">\n  <div class=\"jzzf_error\"><\/div>\n  <\/div>\n          <div class=\"jzzf_message\"><\/div>\n  <div class=\"clear\"><\/div>\n  <\/li>\n              <li class=\"jzzf_row\">\n      <div class=\"jzzf_element jzzf_element_f jzzf_ahead_m jzzf_break jzzf_full\"  style=\"display:none;\">\n        <label class=\"jzzf_element_label jzzf_output_label\" for=\"jzzf_36_poradnikuhrk\">poradnikuhrk<\/label><input type=\"text\" readonly=\"readonly\" id=\"jzzf_36_poradnikuhrk\" value=\"...\">\n  <div class=\"jzzf_error\"><\/div>\n  <\/div>\n          <div class=\"jzzf_message\"><\/div>\n  <div class=\"clear\"><\/div>\n  <\/li>\n              <li class=\"jzzf_row\">\n      <div class=\"jzzf_element jzzf_element_m jzzf_ahead_m jzzf_break jzzf_full\"  id=\"jzzf_36_ina_po_radniku_font_size4font_colorgreenbformattedporadnikueurbfont_colorfont_sizeformativna_cijen\">\n        Informativna cijena po radniku: \n<br>\n<font size=\"4\"><font color=\"green\"><b>\n{{FORMATTED(poradnikueur)}}<\/b><\/font color>\n<\/font size>\n<br><br>\nInformativna cijena za 1 mjesec: <font size=\"4\"><font color=\"green\"><b>\n<br>{{FORMATTED(izracuneur)}} + PDV<br>\n<\/font size>\n<br><br>  <div class=\"jzzf_error\"><\/div>\n  <\/div>\n              <div class=\"jzzf_element jzzf_element_m jzzf_ahead_ jzzf_no_break jzzf_full align-left;\"  id=\"jzzf_36_element100\">\n          <div class=\"jzzf_error\"><\/div>\n  <\/div>\n          <div class=\"jzzf_message\"><\/div>\n  <div class=\"clear\"><\/div>\n  <\/li>\n        <\/ul>\n<\/form>\n<\/strong><\/i><\/span><\/td>\n<\/tr>\n<\/tbody>\n<\/table>\n<table style=\"width: 520px; padding-left: 15px;\" cellspacing=\"10\" cellpadding=\"20\">\n<tbody>\n<tr>\n<td style=\"width: 220px; padding: 8px; text-align: center; vertical-align: middle; background-color: #7f8c8d;\"><span style=\"font-family: arial, helvetica, sans-serif; font-size: 14pt; color: #ffffff;\"><a style=\"color: #ffffff;\" href=\"https:\/\/www.obracun-placa.com\/index.php\/upit-za-ponudu\/\">Zatra\u017ei ponudu <\/a><span style=\"color: #ff0000;\"><a style=\"color: #ff0000;\" href=\"https:\/\/www.obracun-placa.com\/index.php\/upit-za-ponudu\/\"><span style=\"color: #ffffff;\">(<\/span>LINK<\/a><span style=\"color: #ffffff;\">)<\/span><\/span><\/span><\/td>\n<td style=\"width: 220px; padding: 8px; text-align: left; vertical-align: middle; background-color: #7f8c8d;\"><span style=\"color: #ffffff; font-family: arial, helvetica, sans-serif; font-size: 8pt;\"><span style=\"line-height: 17.7777786254883px;\">Dodatne informacije:<\/span><\/span><br \/>\n<span style=\"font-family: arial, helvetica, sans-serif; font-size: 10pt; color: #ffffff;\"> Damir Bortek<\/span><br \/>\n<span style=\"font-family: arial, helvetica, sans-serif; font-size: 12pt; color: #ffffff;\"> Tel. +385 91 3030 012<\/span><\/td>\n<\/tr>\n<\/tbody>\n<\/table>\n<table style=\"width: 520px; padding-left: 15px;\" cellspacing=\"10\" cellpadding=\"20\">\n<tbody>\n<tr>\n<td style=\"width: 220px; padding: 8px; background-color: #ebebeb; vertical-align: top;\"><span style=\"font-family: arial, helvetica, sans-serif; font-size: 12pt; color: #000000;\"><i style=\"font-family: arial, helvetica, sans-serif;\"><strong>DRUGI DOHODAK<\/strong><\/i><\/span><\/p>\n<p style=\"text-align: justify;\"><span style=\"font-family: arial, helvetica, sans-serif; font-size: 10pt; color: #000000;\">Cijena za obra\u010dun drugog dohotka je <strong>35 EUR <\/strong>po obra\u010dunu<strong> + 10 EUR <\/strong>po primatelju koji je uklju\u010den u obra\u010dun\u00a0(u HRK\u00a0po srednjem te\u010daju HNB).\u00a0U navedenu cijenu je uklju\u010den obra\u010dun, svi potrebni\/propisani izvje\u0161taji, datoteke sa nalozima za pla\u0107anje i JOPPD obrazac.<\/span><\/p>\n<\/td>\n<td style=\"background-color: #ebebeb; padding: 8px;\"><span style=\"color: #000000;\"><strong><em><span style=\"font-family: arial, helvetica, sans-serif; font-size: 12pt;\">PRETPLATA NA SADR\u017dAJE<\/span><\/em><\/strong><\/span><\/p>\n<p style=\"text-align: justify;\"><span style=\"font-family: arial, helvetica, sans-serif; font-size: 10pt; color: #000000;\">Servis za obra\u010dun pla\u0107a od 2010. godine objavljuje a\u017eurne obavijesti o zakonskim promjenama i parametrima za obra\u010dun koje se odnose na obra\u010dun pla\u0107a, poreza na dohodak i radno pravo. Pretplata uklju\u010duje puni pristup svim sadr\u017eajima na portalu i e-mail obavje\u0161tavanje o zakonskim promjenama i potrebi za primjenom novih parametara obra\u010duna (prirez, osnovice, &#8230;). Pretplatiti se mo\u017eete <strong><a style=\"color: #000000;\" href=\"https:\/\/www.obracun-placa.com\/index.php\/pretplata\/\">OVDJE<\/a><\/strong>.<\/span><\/p>\n<\/td>\n<\/tr>\n<\/tbody>\n<\/table>\n<table style=\"width: 520px; padding-left: 15px;\" cellspacing=\"10\" cellpadding=\"20\">\n<tbody>\n<tr>\n<td style=\"background-color: #ebebeb; padding: 8px;\">\n<p style=\"text-align: justify;\"><span style=\"font-family: arial, helvetica, sans-serif; font-size: 12pt; color: #000000;\"><i style=\"font-family: arial, helvetica, sans-serif;\"><strong>OSTALE USLUGE\u00a0<\/strong><\/i><\/span><\/p>\n<p style=\"text-align: justify;\"><span style=\"font-family: arial, helvetica, sans-serif; font-size: 10pt; color: #000000;\">Servis za obra\u010dun pla\u0107a obavlja sve vrste obra\u010dunsko administrativnih poslova vezanih uz pla\u0107e i porez na dohodak (potvrda sta\u017ea na HZMO, odjave i prijave radnika, obra\u010dune otpremnina, ispravke i uskla\u0111enja JOPPD\u00a0obrazaca i uplata, \u00a0korekcije pogre\u0161nih obra\u010duna i uskla\u0111enja sa zadu\u017eenjima u poreznoj upravi, forenzi\u010dke obra\u010dune, &#8230;). Cijene usluga se ugovaraju po time&amp;material principu ili u pau\u0161alnome iznosu.\u00a0<\/span><\/p>\n<\/td>\n<\/tr>\n<\/tbody>\n<\/table>\n<p>&nbsp;<\/p>\n","protected":false},"excerpt":{"rendered":"<p>OBRA\u010cUN PLA\u0106A Na\u0161 cjenik usluga je transparentan. Informativnu cijenu za uslugu obra\u010duna pla\u0107a mo\u017eete saznati, odmah, putem ovog on-line cjenika. Potrebno je upisati broj zaposlenih radnika i odabrati djelatnost poduze\u0107a. Formalnu ponudu za pru\u017eanje usluge obra\u010duna pla\u0107a sa iskazanim opsegom usluga i cijenom mo\u017eete zatra\u017eiti\u00a0OVDJE.\u00a0 &nbsp; Zatra\u017ei ponudu (LINK) Dodatne informacije: Damir Bortek Tel. +385 [&hellip;]<\/p>\n","protected":false},"author":1501,"featured_media":0,"parent":0,"menu_order":5,"comment_status":"closed","ping_status":"closed","template":"","meta":{"pmpro_default_level":"","footnotes":""},"class_list":["post-11","page","type-page","status-publish","hentry","pmpro-has-access"],"aioseo_notices":[],"_links":{"self":[{"href":"https:\/\/www.obracun-placa.com\/index.php\/wp-json\/wp\/v2\/pages\/11","targetHints":{"allow":["GET"]}}],"collection":[{"href":"https:\/\/www.obracun-placa.com\/index.php\/wp-json\/wp\/v2\/pages"}],"about":[{"href":"https:\/\/www.obracun-placa.com\/index.php\/wp-json\/wp\/v2\/types\/page"}],"author":[{"embeddable":true,"href":"https:\/\/www.obracun-placa.com\/index.php\/wp-json\/wp\/v2\/users\/1501"}],"replies":[{"embeddable":true,"href":"https:\/\/www.obracun-placa.com\/index.php\/wp-json\/wp\/v2\/comments?post=11"}],"version-history":[{"count":8,"href":"https:\/\/www.obracun-placa.com\/index.php\/wp-json\/wp\/v2\/pages\/11\/revisions"}],"predecessor-version":[{"id":21240,"href":"https:\/\/www.obracun-placa.com\/index.php\/wp-json\/wp\/v2\/pages\/11\/revisions\/21240"}],"wp:attachment":[{"href":"https:\/\/www.obracun-placa.com\/index.php\/wp-json\/wp\/v2\/media?parent=11"}],"curies":[{"name":"wp","href":"https:\/\/api.w.org\/{rel}","templated":true}]}}